{"id":10959,"date":"2017-02-17T12:41:37","date_gmt":"2017-02-17T12:41:37","guid":{"rendered":"https:\/\/amical-mauthausen.org\/junta-i-estatuts\/"},"modified":"2025-02-17T09:30:53","modified_gmt":"2025-02-17T09:30:53","slug":"board-and-statutes","status":"publish","type":"page","link":"https:\/\/amical-mauthausen.org\/en\/board-and-statutes\/","title":{"rendered":"Board and statutes"},"content":{"rendered":"<h3>BOARD AMICAL DE MAUTHAUSEN<\/h3>\n<p>Assembly 16\/11\/2024<\/p>\n<ul>\n<li><strong>Honorary Presidency:\u00a0<\/strong> Llibert Villar Piqu\u00e9<\/li>\n<li><strong>Presidency:<\/strong> Juan M. Calvo Gasc\u00f3n<\/li>\n<li><strong>Vice-presidency and delegate at I.C. Mauthausen:<\/strong> Concha D\u00edaz Berzosa<\/li>\n<li><strong>Secretary:<\/strong> Isidoro Teruel Manch\u00f3n<\/li>\n<li><strong>Treasury and projects Barcelona:<\/strong> Alexandre Rigol Cuadra<\/li>\n<li><strong>Archives and publications Secretariat:<\/strong> Josepa Gardenyes Pedrol<\/li>\n<li><strong>Members:<\/strong> Fernando Cardoso Abad<\/li>\n<li><strong>Members:<\/strong> Elvira Fern\u00e1ndez N\u00fa\u00f1ez<\/li>\n<li><strong>Members:<\/strong> \u00c0ngels Rabad\u00e0 N\u00fa\u00f1ez<\/li>\n<li><strong>Members:<\/strong> Alejandro Zurita Centelles<\/li>\n<\/ul>\n<h3>Delegations:<\/h3>\n<ul>\n<li><strong>Andalusia:<\/strong> Miguel \u00c1ngel Ballesteros Moscosio, Daniel Luis Mir Arenas and \u00c1ngel del R\u00edo S\u00e1nchez<\/li>\n<li><strong>Arag\u00f3: <\/strong>Elena Blasco Sancho,\u00a0 Carlos Esp\u00e9s Lacima and Cruz Ullod Borruel<\/li>\n<li><strong>Castella-La Manxa:<\/strong> Juli\u00e1n Gonz\u00e1lez Fraile<\/li>\n<li><strong>Madrid:<\/strong>\u00a0Concha D\u00edaz Berzosa<\/li>\n<li><strong>Valencian Community:<\/strong> Adri\u00e1n Blas M\u00ednguez Anaya<\/li>\n<li><strong>Euskadi, Navarra i La Rioja:<\/strong>\u00a0Juan Francisco Murillo D\u00edaz<\/li>\n<li><strong>Extremadura:<\/strong> Jos\u00e9 Hinojosa Dur\u00e1n and Antonio Jos\u00e9 Arjona Casillas<\/li>\n<li><strong>Lleida and I.C. Mauthausen:<\/strong> Josep San Mart\u00edn Boncompte<\/li>\n<li><strong>Pened\u00e8s (Tarragona):<\/strong> Pere Marc\u00e9 Recasens<\/li>\n<li><strong>Region of Murcia:<\/strong> Pedro J. L\u00f3pez Soler<\/li>\n<li><strong>Terra Alta (Tarragona):<\/strong> Francesc Sabat\u00e9 Puchol<\/li>\n<li><strong>Germany and I.C. Sachsenhausen:<\/strong> Tom\u00e1s Baidal Soliveres<\/li>\n<li><strong>\u00c0ustria:<\/strong> Birgit Pichler<\/li>\n<\/ul>\n","protected":false},"excerpt":{"rendered":"<p>BOARD AMICAL DE MAUTHAUSEN Assembly 16\/11\/2024 Honorary Presidency:\u00a0 Llibert Villar Piqu\u00e9 Presidency: Juan M. Calvo Gasc\u00f3n Vice-presidency and delegate at I.C. Mauthausen: Concha D\u00edaz Berzosa Secretary: Isidoro Teruel Manch\u00f3n Treasury and projects Barcelona: Alexandre Rigol Cuadra Archives and publications Secretariat: Josepa Gardenyes Pedrol Members: Fernando Cardoso Abad Members: Elvira Fern\u00e1ndez N\u00fa\u00f1ez Members: \u00c0ngels Rabad\u00e0 N\u00fa\u00f1ez Members: Alejandro Zurita Centelles Delegations: Andalusia: Miguel \u00c1ngel Ballesteros Moscosio, Daniel Luis Mir Arenas and \u00c1ngel del R\u00edo S\u00e1nchez Arag\u00f3: Elena Blasco Sancho,\u00a0 Carlos Esp\u00e9s Lacima and Cruz Ullod Borruel Castella-La Manxa: Juli\u00e1n Gonz\u00e1lez Fraile Madrid:\u00a0Concha D\u00edaz Berzosa Valencian Community: Adri\u00e1n Blas M\u00ednguez Anaya Euskadi, Navarra i La Rioja:\u00a0Juan Francisco Murillo D\u00edaz Extremadura: Jos\u00e9 Hinojosa &hellip; <a href=\"https:\/\/amical-mauthausen.org\/en\/board-and-statutes\/\" class=\"more-link\">Continue reading <span class=\"screen-reader-text\">Board and statutes<\/span> <span class=\"meta-nav\">&rarr;<\/span><\/a><\/p>\n","protected":false},"author":1,"featured_media":0,"parent":0,"menu_order":0,"comment_status":"closed","ping_status":"closed","template":"page.php","meta":{"_acf_changed":false,"footnotes":""},"class_list":["post-10959","page","type-page","status-publish","hentry"],"acf":[],"_links":{"self":[{"href":"https:\/\/amical-mauthausen.org\/en\/wp-json\/wp\/v2\/pages\/10959","targetHints":{"allow":["GET"]}}],"collection":[{"href":"https:\/\/amical-mauthausen.org\/en\/wp-json\/wp\/v2\/pages"}],"about":[{"href":"https:\/\/amical-mauthausen.org\/en\/wp-json\/wp\/v2\/types\/page"}],"author":[{"embeddable":true,"href":"https:\/\/amical-mauthausen.org\/en\/wp-json\/wp\/v2\/users\/1"}],"replies":[{"embeddable":true,"href":"https:\/\/amical-mauthausen.org\/en\/wp-json\/wp\/v2\/comments?post=10959"}],"version-history":[{"count":4,"href":"https:\/\/amical-mauthausen.org\/en\/wp-json\/wp\/v2\/pages\/10959\/revisions"}],"predecessor-version":[{"id":10974,"href":"https:\/\/amical-mauthausen.org\/en\/wp-json\/wp\/v2\/pages\/10959\/revisions\/10974"}],"wp:attachment":[{"href":"https:\/\/amical-mauthausen.org\/en\/wp-json\/wp\/v2\/media?parent=10959"}],"curies":[{"name":"wp","href":"https:\/\/api.w.org\/{rel}","templated":true}]}}