{"id":10940,"date":"2017-03-01T10:41:29","date_gmt":"2017-03-01T10:41:29","guid":{"rendered":"https:\/\/amical-mauthausen.org\/politica-de-privacitat\/"},"modified":"2017-03-01T10:41:29","modified_gmt":"2017-03-01T10:41:29","slug":"politica-de-privacitat","status":"publish","type":"page","link":"https:\/\/amical-mauthausen.org\/en\/politica-de-privacitat\/","title":{"rendered":"Pol\u00edtica de privacitat"},"content":{"rendered":"<p>En compliment del que estableix la Llei Org\u00e0nica 15\/1999, de 13 de desembre, de Protecci\u00f3 de Dades de Car\u00e0cter Personal, us informem que, quan ens contacteu a trav\u00e9s de la web, les vostres dades personals s\u2019incorporaran al Fitxer de dades personals de l\u2019AMICAL DE MAUTHAUSEN. Aquestes dades es recolliran i tractaran amb l\u2019\u00fanica finalitat de gestionar els serveis demanats i s\u2019enviar\u00e0 nom\u00e9s a les administracions per a \u00fas exclusiu d\u2019informar sobre les activitats conjuntes que duem a terme.<\/p>\n<p>AMICAL DE MAUTHAUSEN \u00e9s el titular del Fitxer, inscrit al Registre de Fitxers de l\u2019Ag\u00e8ncia Espanyola de Protecci\u00f3 de Dades.Podeu exercir el dret d\u2019acc\u00e9s, rectificaci\u00f3, cancel\u00b7laci\u00f3 i oposici\u00f3 si ens ho comuniqueu per escrit a la nostra adre\u00e7a de correu info@amical-mauthausen.org o b\u00e9 si ens escriviu a l\u2019adre\u00e7a seg\u00fcent: Carrer Sils, 1 baixos, 10 de Barcelona, 08002.Us garantim la confidencialitat de les dades personal, per la qual cosa nosaltres, com a titulars i responsables del fitxer automatitzat, assegurem que disposem dels mitjans t\u00e8cnics i humans necessaris per garantir la seguretat i protecci\u00f3 dels nostres sistemes d\u2019informaci\u00f3, aix\u00ed com de les dades i informaci\u00f3 dels usuaris que ens les faciliten.<\/p>\n<p>En contactar a trav\u00e9s de la nostra p\u00e0gina web, doneu el consentiment inequ\u00edvoc i expr\u00e9s per qu\u00e8 puguem tractar les vostres dades personals segons les finalitats i serveis descrits.Aix\u00ed mateix, els usuaris que ens faciliten les dades personals accepten que les pugui utilitzar AMICAL DE MAUTHAUSEN per ser utilitzats amb finalitats informatives dels nostres serveis, aix\u00ed com per facilitar el mateix als destinataris que calgui per prestar els serveis sol\u00b7licitats i enviar la informaci\u00f3 promocional desitjada.<\/p>\n","protected":false},"excerpt":{"rendered":"<p>En compliment del que estableix la Llei Org\u00e0nica 15\/1999, de 13 de desembre, de Protecci\u00f3 de Dades de Car\u00e0cter Personal, us informem que, quan ens contacteu a trav\u00e9s de la web, les vostres dades personals s\u2019incorporaran al Fitxer de dades personals de l\u2019AMICAL DE MAUTHAUSEN. Aquestes dades es recolliran i tractaran amb l\u2019\u00fanica finalitat de gestionar els serveis demanats i s\u2019enviar\u00e0 nom\u00e9s a les administracions per a \u00fas exclusiu d\u2019informar sobre les activitats conjuntes que duem a terme. AMICAL DE MAUTHAUSEN \u00e9s el titular del Fitxer, inscrit al Registre de Fitxers de l\u2019Ag\u00e8ncia Espanyola de Protecci\u00f3 de Dades.Podeu exercir el dret d\u2019acc\u00e9s, rectificaci\u00f3, cancel\u00b7laci\u00f3 i oposici\u00f3 si ens ho comuniqueu &hellip; <a href=\"https:\/\/amical-mauthausen.org\/en\/politica-de-privacitat\/\" class=\"more-link\">Continue reading <span class=\"screen-reader-text\">Pol\u00edtica de privacitat<\/span> <span class=\"meta-nav\">&rarr;<\/span><\/a><\/p>\n","protected":false},"author":1,"featured_media":0,"parent":0,"menu_order":0,"comment_status":"closed","ping_status":"closed","template":"page-info.php","meta":{"_acf_changed":false,"footnotes":""},"class_list":["post-10940","page","type-page","status-publish","hentry"],"acf":[],"_links":{"self":[{"href":"https:\/\/amical-mauthausen.org\/en\/wp-json\/wp\/v2\/pages\/10940","targetHints":{"allow":["GET"]}}],"collection":[{"href":"https:\/\/amical-mauthausen.org\/en\/wp-json\/wp\/v2\/pages"}],"about":[{"href":"https:\/\/amical-mauthausen.org\/en\/wp-json\/wp\/v2\/types\/page"}],"author":[{"embeddable":true,"href":"https:\/\/amical-mauthausen.org\/en\/wp-json\/wp\/v2\/users\/1"}],"replies":[{"embeddable":true,"href":"https:\/\/amical-mauthausen.org\/en\/wp-json\/wp\/v2\/comments?post=10940"}],"version-history":[{"count":0,"href":"https:\/\/amical-mauthausen.org\/en\/wp-json\/wp\/v2\/pages\/10940\/revisions"}],"wp:attachment":[{"href":"https:\/\/amical-mauthausen.org\/en\/wp-json\/wp\/v2\/media?parent=10940"}],"curies":[{"name":"wp","href":"https:\/\/api.w.org\/{rel}","templated":true}]}}