{"id":10930,"date":"2017-03-02T09:06:20","date_gmt":"2017-03-02T09:06:20","guid":{"rendered":"https:\/\/amical-mauthausen.org\/mauthausen-lunivers-de-lhorror\/"},"modified":"2025-02-17T10:47:37","modified_gmt":"2025-02-17T10:47:37","slug":"mauthausen-lunivers-de-lhorror","status":"publish","type":"page","link":"https:\/\/amical-mauthausen.org\/en\/services\/exhibitions\/mauthausen-lunivers-de-lhorror\/","title":{"rendered":"Mauthausen. The universe of horror"},"content":{"rendered":"<p>Exposici\u00f3 produ\u00efda per donar a con\u00e8ixer les viv\u00e8ncies dels republicans espanyols al camp de Mauthausen, en un llarg recorregut cronol\u00f2gic des de la II Rep\u00fablica fins a la deportaci\u00f3.<\/p>\n<h2>Caracter\u00edstiques t\u00e8cniques:<\/h2>\n<ol>\n<li>Versi\u00f3 catalana:\n<ul>\n<li>20 plafons de doble cara de 70 x 50 cm.<\/li>\n<li>Estructures d\u2019alumini<\/li>\n<\/ul>\n<\/li>\n<\/ol>\n<p>Es transporten en tres caixes d\u2019alumini amb rodes:<\/p>\n<ol>\n<li style=\"list-style-type: none;\">\n<ul>\n<li>2 de 87 x 106 x 30 cm.<\/li>\n<li>1 de 49 x 194 x 44,5 cm.<\/li>\n<li>2 bosses de 91 x 25 cm amb material de muntatge<\/li>\n<li>2 maletes de m\u00e0 met\u00e0l\u00b7liques de 16 x 45,5 x 32,5 cm<\/li>\n<li>1 caixa de 31 x 40 x 30 cm<\/li>\n<\/ul>\n<\/li>\n<li>Versi\u00f3 castellana:\n<ul>\n<li>40 plafons emmarcats de 100 x 70 cm<\/li>\n<\/ul>\n<\/li>\n<\/ol>\n<p>Es transporten en dues caixes de fusta amb rodes de 110X85X85 cm<\/p>\n<p>Producci\u00f3: Amical de Mauthausen, Museu d\u2019Hist\u00f2ria de Catalunya.<\/p>\n","protected":false},"excerpt":{"rendered":"<p>Exposici\u00f3 produ\u00efda per donar a con\u00e8ixer les viv\u00e8ncies dels republicans espanyols al camp de Mauthausen, en un llarg recorregut cronol\u00f2gic des de la II Rep\u00fablica fins a la deportaci\u00f3. Caracter\u00edstiques t\u00e8cniques: Versi\u00f3 catalana: 20 plafons de doble cara de 70 x 50 cm. Estructures d\u2019alumini Es transporten en tres caixes d\u2019alumini amb rodes: 2 de 87 x 106 x 30 cm. 1 de 49 x 194 x 44,5 cm. 2 bosses de 91 x 25 cm amb material de muntatge 2 maletes de m\u00e0 met\u00e0l\u00b7liques de 16 x 45,5 x 32,5 cm 1 caixa de 31 x 40 x 30 cm Versi\u00f3 castellana: 40 plafons emmarcats de 100 x 70 &hellip; <a href=\"https:\/\/amical-mauthausen.org\/en\/services\/exhibitions\/mauthausen-lunivers-de-lhorror\/\" class=\"more-link\">Continue reading <span class=\"screen-reader-text\">Mauthausen. The universe of horror<\/span> <span class=\"meta-nav\">&rarr;<\/span><\/a><\/p>\n","protected":false},"author":1,"featured_media":0,"parent":10949,"menu_order":0,"comment_status":"closed","ping_status":"closed","template":"page-exposicionsdins.php","meta":{"_acf_changed":false,"footnotes":""},"class_list":["post-10930","page","type-page","status-publish","hentry"],"acf":[],"_links":{"self":[{"href":"https:\/\/amical-mauthausen.org\/en\/wp-json\/wp\/v2\/pages\/10930","targetHints":{"allow":["GET"]}}],"collection":[{"href":"https:\/\/amical-mauthausen.org\/en\/wp-json\/wp\/v2\/pages"}],"about":[{"href":"https:\/\/amical-mauthausen.org\/en\/wp-json\/wp\/v2\/types\/page"}],"author":[{"embeddable":true,"href":"https:\/\/amical-mauthausen.org\/en\/wp-json\/wp\/v2\/users\/1"}],"replies":[{"embeddable":true,"href":"https:\/\/amical-mauthausen.org\/en\/wp-json\/wp\/v2\/comments?post=10930"}],"version-history":[{"count":1,"href":"https:\/\/amical-mauthausen.org\/en\/wp-json\/wp\/v2\/pages\/10930\/revisions"}],"predecessor-version":[{"id":11396,"href":"https:\/\/amical-mauthausen.org\/en\/wp-json\/wp\/v2\/pages\/10930\/revisions\/11396"}],"up":[{"embeddable":true,"href":"https:\/\/amical-mauthausen.org\/en\/wp-json\/wp\/v2\/pages\/10949"}],"wp:attachment":[{"href":"https:\/\/amical-mauthausen.org\/en\/wp-json\/wp\/v2\/media?parent=10930"}],"curies":[{"name":"wp","href":"https:\/\/api.w.org\/{rel}","templated":true}]}}