{"id":10919,"date":"2017-03-03T10:12:49","date_gmt":"2017-03-03T10:12:49","guid":{"rendered":"https:\/\/amical-mauthausen.org\/joaquim-amat-piniella-2\/"},"modified":"2025-02-17T10:53:10","modified_gmt":"2025-02-17T10:53:10","slug":"joaquim-amat-piniella","status":"publish","type":"page","link":"https:\/\/amical-mauthausen.org\/en\/services\/talks-and-conferences\/joaquim-amat-piniella\/","title":{"rendered":"Joaquim Amat-Piniella"},"content":{"rendered":"<p>A partir de la figura de l\u2019escriptor catal\u00e0 de K-L Reich, centrada en la seva deportaci\u00f3 a Mauthausen, es pot valorar l&#8217;aportaci\u00f3 republicana a la producci\u00f3 memoral\u00edstica europea.<\/p>\n","protected":false},"excerpt":{"rendered":"<p>A partir de la figura de l\u2019escriptor catal\u00e0 de K-L Reich, centrada en la seva deportaci\u00f3 a Mauthausen, es pot valorar l&#8217;aportaci\u00f3 republicana a la producci\u00f3 memoral\u00edstica europea.<\/p>\n","protected":false},"author":1,"featured_media":0,"parent":10954,"menu_order":5,"comment_status":"closed","ping_status":"closed","template":"page-exposicionsdins.php","meta":{"_acf_changed":false,"footnotes":""},"class_list":["post-10919","page","type-page","status-publish","hentry"],"acf":[],"_links":{"self":[{"href":"https:\/\/amical-mauthausen.org\/en\/wp-json\/wp\/v2\/pages\/10919","targetHints":{"allow":["GET"]}}],"collection":[{"href":"https:\/\/amical-mauthausen.org\/en\/wp-json\/wp\/v2\/pages"}],"about":[{"href":"https:\/\/amical-mauthausen.org\/en\/wp-json\/wp\/v2\/types\/page"}],"author":[{"embeddable":true,"href":"https:\/\/amical-mauthausen.org\/en\/wp-json\/wp\/v2\/users\/1"}],"replies":[{"embeddable":true,"href":"https:\/\/amical-mauthausen.org\/en\/wp-json\/wp\/v2\/comments?post=10919"}],"version-history":[{"count":1,"href":"https:\/\/amical-mauthausen.org\/en\/wp-json\/wp\/v2\/pages\/10919\/revisions"}],"predecessor-version":[{"id":11414,"href":"https:\/\/amical-mauthausen.org\/en\/wp-json\/wp\/v2\/pages\/10919\/revisions\/11414"}],"up":[{"embeddable":true,"href":"https:\/\/amical-mauthausen.org\/en\/wp-json\/wp\/v2\/pages\/10954"}],"wp:attachment":[{"href":"https:\/\/amical-mauthausen.org\/en\/wp-json\/wp\/v2\/media?parent=10919"}],"curies":[{"name":"wp","href":"https:\/\/api.w.org\/{rel}","templated":true}]}}