{"id":10908,"date":"2018-03-16T13:11:41","date_gmt":"2018-03-16T13:11:41","guid":{"rendered":"https:\/\/amical-mauthausen.org\/viacrucis-en-50-estacions\/"},"modified":"2025-02-17T10:27:34","modified_gmt":"2025-02-17T10:27:34","slug":"viacrucis-en-50-estacions","status":"publish","type":"page","link":"https:\/\/amical-mauthausen.org\/en\/education\/exposicions\/viacrucis-en-50-estacions\/","title":{"rendered":"Via Crucis in 50 stations"},"content":{"rendered":"<p>Produ\u00efda per La Garriga Secreta<\/p>\n<p>La Garriga Secreta ha tradu\u00eft i editat \u201cViacrucis en 50 estacions\u201d de Bernard Aldebert, un publicista franc\u00e8s que va viure en pr\u00f2pia carn, les atrocitats perpetrades contra els interns en el genocidi nazi, des del 15 de novembre de 1943, fins l\u2019abril del 1945 que es va produir l\u2019alliberament dels camps d\u2019extermini de Mauthausen i camps sat\u00e8l\u00b7lits Gusen 1 i Gusen 2.<\/p>\n<p>Donada la seva formaci\u00f3 professional de caricaturista i publicista, va il\u00b7lustrar el llibre amb 50 dibuixos esfere\u00efdors que mostren les barbaritats infligides als interns i l\u2019eliminaci\u00f3 sistem\u00e0tica dels presoners per raons pol\u00edtiques, \u00e8tniques i econ\u00f2miques.<\/p>\n<ul>\n<li>L\u2019exposici\u00f3 consisteix en aquests 50 dibuixos en DIN A2 (42&#215;60) amb un breu peu que descriu les situacions i tortures experimentades pels presoners al camp d\u2019extermini Gusen 2.<\/li>\n<li>La durada de l\u2019exposici\u00f3 \u00e9s d\u2019un m\u00ednim de 15 dies i m\u00e0xim d\u2019un mes.<\/li>\n<li>La Garriga Secreta s\u2019ofereix per fer presentacions comentades als instituts, amb projecci\u00f3 de tots els dibuixos d\u2019Aldebert i organitzen confer\u00e8ncies sobre aquest i temes similars en les mateixes sales d\u2019exposici\u00f3.<\/li>\n<li>Es fan c\u00e0rrec tamb\u00e9 del muntatge i desmuntatge.<\/li>\n<li>L\u2019obertura, tancament i vigil\u00e0ncia del local mentre estigui obert \u00e9s compet\u00e8ncia de l\u2019Ajuntament o establiment on estigui muntada.<\/li>\n<li>Per a cobrir les despeses dels nostres serveis en exposicions La Garriga Secreta cobra 200 \u20ac.<\/li>\n<li>El cost d\u2019altres serveis s\u2019acorden puntualment en funci\u00f3 de l\u2019activitat.<\/li>\n<\/ul>\n<p><strong>Contacte: Antoni Pardo<br \/>\n<\/strong><strong>garrigasecreta@gmail.com<br \/>\n<\/strong><strong>Telf. 938715072 &#8211; 610964736<\/strong><\/p>\n","protected":false},"excerpt":{"rendered":"<p>Produ\u00efda per La Garriga Secreta La Garriga Secreta ha tradu\u00eft i editat \u201cViacrucis en 50 estacions\u201d de Bernard Aldebert, un publicista franc\u00e8s que va viure en pr\u00f2pia carn, les atrocitats perpetrades contra els interns en el genocidi nazi, des del 15 de novembre de 1943, fins l\u2019abril del 1945 que es va produir l\u2019alliberament dels camps d\u2019extermini de Mauthausen i camps sat\u00e8l\u00b7lits Gusen 1 i Gusen 2. Donada la seva formaci\u00f3 professional de caricaturista i publicista, va il\u00b7lustrar el llibre amb 50 dibuixos esfere\u00efdors que mostren les barbaritats infligides als interns i l\u2019eliminaci\u00f3 sistem\u00e0tica dels presoners per raons pol\u00edtiques, \u00e8tniques i econ\u00f2miques. L\u2019exposici\u00f3 consisteix en aquests 50 dibuixos en DIN &hellip; <a href=\"https:\/\/amical-mauthausen.org\/en\/education\/exposicions\/viacrucis-en-50-estacions\/\" class=\"more-link\">Continue reading <span class=\"screen-reader-text\">Via Crucis in 50 stations<\/span> <span class=\"meta-nav\">&rarr;<\/span><\/a><\/p>\n","protected":false},"author":1,"featured_media":0,"parent":10947,"menu_order":6,"comment_status":"closed","ping_status":"closed","template":"page-exposicionsdins.php","meta":{"_acf_changed":false,"footnotes":""},"class_list":["post-10908","page","type-page","status-publish","hentry"],"acf":[],"_links":{"self":[{"href":"https:\/\/amical-mauthausen.org\/en\/wp-json\/wp\/v2\/pages\/10908","targetHints":{"allow":["GET"]}}],"collection":[{"href":"https:\/\/amical-mauthausen.org\/en\/wp-json\/wp\/v2\/pages"}],"about":[{"href":"https:\/\/amical-mauthausen.org\/en\/wp-json\/wp\/v2\/types\/page"}],"author":[{"embeddable":true,"href":"https:\/\/amical-mauthausen.org\/en\/wp-json\/wp\/v2\/users\/1"}],"replies":[{"embeddable":true,"href":"https:\/\/amical-mauthausen.org\/en\/wp-json\/wp\/v2\/comments?post=10908"}],"version-history":[{"count":1,"href":"https:\/\/amical-mauthausen.org\/en\/wp-json\/wp\/v2\/pages\/10908\/revisions"}],"predecessor-version":[{"id":11369,"href":"https:\/\/amical-mauthausen.org\/en\/wp-json\/wp\/v2\/pages\/10908\/revisions\/11369"}],"up":[{"embeddable":true,"href":"https:\/\/amical-mauthausen.org\/en\/wp-json\/wp\/v2\/pages\/10947"}],"wp:attachment":[{"href":"https:\/\/amical-mauthausen.org\/en\/wp-json\/wp\/v2\/media?parent=10908"}],"curies":[{"name":"wp","href":"https:\/\/api.w.org\/{rel}","templated":true}]}}