{"id":10883,"date":"2022-06-22T11:44:53","date_gmt":"2022-06-22T11:44:53","guid":{"rendered":"https:\/\/amical-mauthausen.org\/la-deportacio-de-diferents-collectius-gitanos-homosexuals-testimonis-de-jehova-2\/"},"modified":"2025-02-17T12:47:02","modified_gmt":"2025-02-17T12:47:02","slug":"la-deportacio-de-diferents-collectius-gitanos-homosexuals-testimonis-de-jehova","status":"publish","type":"page","link":"https:\/\/amical-mauthausen.org\/en\/education\/talks\/la-deportacio-de-diferents-collectius-gitanos-homosexuals-testimonis-de-jehova\/","title":{"rendered":"The deportation of different groups (gypsies, homosexuals, Jehovah&#8217;s witnesses&#8230;)"},"content":{"rendered":"<p>Xerrada on s&#8217;exposar\u00e0 la internacionalitat i transversalitat de la deportaci\u00f3, que a m\u00e9s del col\u00b7lectiu jueu, n&#8217;inclou d&#8217;altres.<\/p>\n","protected":false},"excerpt":{"rendered":"<p>Xerrada on s&#8217;exposar\u00e0 la internacionalitat i transversalitat de la deportaci\u00f3, que a m\u00e9s del col\u00b7lectiu jueu, n&#8217;inclou d&#8217;altres.<\/p>\n","protected":false},"author":4,"featured_media":0,"parent":10952,"menu_order":3,"comment_status":"closed","ping_status":"closed","template":"page-exposicionsdins.php","meta":{"_acf_changed":false,"footnotes":""},"class_list":["post-10883","page","type-page","status-publish","hentry"],"acf":[],"_links":{"self":[{"href":"https:\/\/amical-mauthausen.org\/en\/wp-json\/wp\/v2\/pages\/10883","targetHints":{"allow":["GET"]}}],"collection":[{"href":"https:\/\/amical-mauthausen.org\/en\/wp-json\/wp\/v2\/pages"}],"about":[{"href":"https:\/\/amical-mauthausen.org\/en\/wp-json\/wp\/v2\/types\/page"}],"author":[{"embeddable":true,"href":"https:\/\/amical-mauthausen.org\/en\/wp-json\/wp\/v2\/users\/4"}],"replies":[{"embeddable":true,"href":"https:\/\/amical-mauthausen.org\/en\/wp-json\/wp\/v2\/comments?post=10883"}],"version-history":[{"count":1,"href":"https:\/\/amical-mauthausen.org\/en\/wp-json\/wp\/v2\/pages\/10883\/revisions"}],"predecessor-version":[{"id":11654,"href":"https:\/\/amical-mauthausen.org\/en\/wp-json\/wp\/v2\/pages\/10883\/revisions\/11654"}],"up":[{"embeddable":true,"href":"https:\/\/amical-mauthausen.org\/en\/wp-json\/wp\/v2\/pages\/10952"}],"wp:attachment":[{"href":"https:\/\/amical-mauthausen.org\/en\/wp-json\/wp\/v2\/media?parent=10883"}],"curies":[{"name":"wp","href":"https:\/\/api.w.org\/{rel}","templated":true}]}}