{"id":10881,"date":"2022-06-22T11:44:53","date_gmt":"2022-06-22T11:44:53","guid":{"rendered":"https:\/\/amical-mauthausen.org\/la-deportacio-de-diferents-collectius-gitanos-homosexuals-testimonis-de-jehova\/"},"modified":"2025-02-17T10:53:26","modified_gmt":"2025-02-17T10:53:26","slug":"la-deportacio-de-diferents-collectius-gitanos-homosexuals-testimonis-de-jehova","status":"publish","type":"page","link":"https:\/\/amical-mauthausen.org\/en\/services\/talks-and-conferences\/la-deportacio-de-diferents-collectius-gitanos-homosexuals-testimonis-de-jehova\/","title":{"rendered":"The deportation of different groups (gypsies, homosexuals, Jehovah&#8217;s Witnesses\u2026)"},"content":{"rendered":"<p>Xerrada on s&#8217;exposar\u00e0 la internacionalitat i transversalitat de la deportaci\u00f3, que a m\u00e9s del col\u00b7lectiu jueu, n&#8217;inclou d&#8217;altres.<\/p>\n","protected":false},"excerpt":{"rendered":"<p>Xerrada on s&#8217;exposar\u00e0 la internacionalitat i transversalitat de la deportaci\u00f3, que a m\u00e9s del col\u00b7lectiu jueu, n&#8217;inclou d&#8217;altres.<\/p>\n","protected":false},"author":4,"featured_media":0,"parent":10954,"menu_order":5,"comment_status":"closed","ping_status":"closed","template":"page-exposicionsdins.php","meta":{"_acf_changed":false,"footnotes":""},"class_list":["post-10881","page","type-page","status-publish","hentry"],"acf":[],"_links":{"self":[{"href":"https:\/\/amical-mauthausen.org\/en\/wp-json\/wp\/v2\/pages\/10881","targetHints":{"allow":["GET"]}}],"collection":[{"href":"https:\/\/amical-mauthausen.org\/en\/wp-json\/wp\/v2\/pages"}],"about":[{"href":"https:\/\/amical-mauthausen.org\/en\/wp-json\/wp\/v2\/types\/page"}],"author":[{"embeddable":true,"href":"https:\/\/amical-mauthausen.org\/en\/wp-json\/wp\/v2\/users\/4"}],"replies":[{"embeddable":true,"href":"https:\/\/amical-mauthausen.org\/en\/wp-json\/wp\/v2\/comments?post=10881"}],"version-history":[{"count":1,"href":"https:\/\/amical-mauthausen.org\/en\/wp-json\/wp\/v2\/pages\/10881\/revisions"}],"predecessor-version":[{"id":11411,"href":"https:\/\/amical-mauthausen.org\/en\/wp-json\/wp\/v2\/pages\/10881\/revisions\/11411"}],"up":[{"embeddable":true,"href":"https:\/\/amical-mauthausen.org\/en\/wp-json\/wp\/v2\/pages\/10954"}],"wp:attachment":[{"href":"https:\/\/amical-mauthausen.org\/en\/wp-json\/wp\/v2\/media?parent=10881"}],"curies":[{"name":"wp","href":"https:\/\/api.w.org\/{rel}","templated":true}]}}