{"id":9882,"date":"2022-08-25T10:41:09","date_gmt":"2022-08-25T10:41:09","guid":{"rendered":"https:\/\/amical-mauthausen.org\/?page_id=9882"},"modified":"2026-01-20T14:39:05","modified_gmt":"2026-01-20T14:39:05","slug":"premi-amical-de-mauthausen","status":"publish","type":"page","link":"https:\/\/amical-mauthausen.org\/ca\/educacio\/premi-amical-de-mauthausen\/","title":{"rendered":"Premi Amical de Mauthausen"},"content":{"rendered":"<p>L\u2019Amical convoca anualment un concurs literari i art\u00edstic per a estudiants de 4t d\u2019ESO, Batxillerat i Escoles d\u2019Adults.<\/p>\n<p>Des del 2022 sota el nom de <strong>Premi Amical de Mauthausen i altres camps en mem\u00f2ria de la deportaci\u00f3 republicana.<\/strong> Consta de dues modalitats:<\/p>\n<ul>\n<li>\u00a0A) MODALITAT DE CREACI\u00d3 LITER\u00c0RIA, Montserrat Roig<\/li>\n<li>B) MODALITAT DE FOTOGRAFIA I CREACI\u00d3 ART\u00cdSTICA, Francesc Boix<\/li>\n<\/ul>\n<p>&nbsp;<\/p>\n<p>A continuaci\u00f3 podreu consultar la convocat\u00f2ria i les bases del V Premi Amical de Mauthausen (edici\u00f3 de 2026), aix\u00ed com els premis guanyadors de les edicions passades.<\/p>\n","protected":false},"excerpt":{"rendered":"<p>L\u2019Amical convoca anualment un concurs literari i art\u00edstic per a estudiants de 4t d\u2019ESO, Batxillerat i Escoles d\u2019Adults. Des del 2022 sota el nom de Premi Amical de Mauthausen i altres camps en mem\u00f2ria de la deportaci\u00f3 republicana. Consta de dues modalitats: \u00a0A) MODALITAT DE CREACI\u00d3 LITER\u00c0RIA, Montserrat Roig B) MODALITAT DE FOTOGRAFIA I CREACI\u00d3 ART\u00cdSTICA, Francesc Boix &nbsp; A continuaci\u00f3 podreu consultar la convocat\u00f2ria i les bases del V Premi Amical de Mauthausen (edici\u00f3 de 2026), aix\u00ed com els premis guanyadors de les edicions passades.<\/p>\n","protected":false},"author":1,"featured_media":0,"parent":9788,"menu_order":0,"comment_status":"closed","ping_status":"closed","template":"","meta":{"_acf_changed":false,"footnotes":""},"class_list":["post-9882","page","type-page","status-publish","hentry"],"acf":[],"_links":{"self":[{"href":"https:\/\/amical-mauthausen.org\/ca\/wp-json\/wp\/v2\/pages\/9882","targetHints":{"allow":["GET"]}}],"collection":[{"href":"https:\/\/amical-mauthausen.org\/ca\/wp-json\/wp\/v2\/pages"}],"about":[{"href":"https:\/\/amical-mauthausen.org\/ca\/wp-json\/wp\/v2\/types\/page"}],"author":[{"embeddable":true,"href":"https:\/\/amical-mauthausen.org\/ca\/wp-json\/wp\/v2\/users\/1"}],"replies":[{"embeddable":true,"href":"https:\/\/amical-mauthausen.org\/ca\/wp-json\/wp\/v2\/comments?post=9882"}],"version-history":[{"count":26,"href":"https:\/\/amical-mauthausen.org\/ca\/wp-json\/wp\/v2\/pages\/9882\/revisions"}],"predecessor-version":[{"id":11904,"href":"https:\/\/amical-mauthausen.org\/ca\/wp-json\/wp\/v2\/pages\/9882\/revisions\/11904"}],"up":[{"embeddable":true,"href":"https:\/\/amical-mauthausen.org\/ca\/wp-json\/wp\/v2\/pages\/9788"}],"wp:attachment":[{"href":"https:\/\/amical-mauthausen.org\/ca\/wp-json\/wp\/v2\/media?parent=9882"}],"curies":[{"name":"wp","href":"https:\/\/api.w.org\/{rel}","templated":true}]}}