{"id":9877,"date":"2022-08-25T10:41:09","date_gmt":"2022-08-25T10:41:09","guid":{"rendered":"https:\/\/amical-mauthausen.org\/?page_id=9877"},"modified":"2022-09-07T10:12:35","modified_gmt":"2022-09-07T10:12:35","slug":"viatges-als-camps","status":"publish","type":"page","link":"https:\/\/amical-mauthausen.org\/ca\/educacio\/viatges-als-camps\/","title":{"rendered":"Viatges als camps"},"content":{"rendered":"<p>Des de fa m\u00e9s de 20 anys l\u2019<strong>Amical de Mauthausen i altres camps<\/strong> organitza viatges als diferents camps per potenciar el coneixement de la deportaci\u00f3, i tamb\u00e9 per assistir a les cerim\u00f2nies i els actes internacionals del seu alliberament. S\u00f3n molts els estudiants i professorat que han passat per aquesta experi\u00e8ncia, una de les activitats m\u00e9s contundents, emotives i educatives.<\/p>\n<p>Els viatges sempre estan vinculats a un projecte de treball que s\u2019ha desenvolupat pr\u00e8viament a la visita i amb un trasp\u00e0s a la comunitat despr\u00e9s del viatge.<\/p>\n","protected":false},"excerpt":{"rendered":"<p>Des de fa m\u00e9s de 20 anys l\u2019Amical de Mauthausen i altres camps organitza viatges als diferents camps per potenciar el coneixement de la deportaci\u00f3, i tamb\u00e9 per assistir a les cerim\u00f2nies i els actes internacionals del seu alliberament. S\u00f3n molts els estudiants i professorat que han passat per aquesta experi\u00e8ncia, una de les activitats m\u00e9s contundents, emotives i educatives. Els viatges sempre estan vinculats a un projecte de treball que s\u2019ha desenvolupat pr\u00e8viament a la visita i amb un trasp\u00e0s a la comunitat despr\u00e9s del viatge.<\/p>\n","protected":false},"author":1,"featured_media":0,"parent":9788,"menu_order":0,"comment_status":"closed","ping_status":"closed","template":"","meta":{"_acf_changed":false,"footnotes":""},"class_list":["post-9877","page","type-page","status-publish","hentry"],"acf":[],"_links":{"self":[{"href":"https:\/\/amical-mauthausen.org\/ca\/wp-json\/wp\/v2\/pages\/9877","targetHints":{"allow":["GET"]}}],"collection":[{"href":"https:\/\/amical-mauthausen.org\/ca\/wp-json\/wp\/v2\/pages"}],"about":[{"href":"https:\/\/amical-mauthausen.org\/ca\/wp-json\/wp\/v2\/types\/page"}],"author":[{"embeddable":true,"href":"https:\/\/amical-mauthausen.org\/ca\/wp-json\/wp\/v2\/users\/1"}],"replies":[{"embeddable":true,"href":"https:\/\/amical-mauthausen.org\/ca\/wp-json\/wp\/v2\/comments?post=9877"}],"version-history":[{"count":6,"href":"https:\/\/amical-mauthausen.org\/ca\/wp-json\/wp\/v2\/pages\/9877\/revisions"}],"predecessor-version":[{"id":9987,"href":"https:\/\/amical-mauthausen.org\/ca\/wp-json\/wp\/v2\/pages\/9877\/revisions\/9987"}],"up":[{"embeddable":true,"href":"https:\/\/amical-mauthausen.org\/ca\/wp-json\/wp\/v2\/pages\/9788"}],"wp:attachment":[{"href":"https:\/\/amical-mauthausen.org\/ca\/wp-json\/wp\/v2\/media?parent=9877"}],"curies":[{"name":"wp","href":"https:\/\/api.w.org\/{rel}","templated":true}]}}