{"id":9861,"date":"2022-08-25T10:41:09","date_gmt":"2022-08-25T10:41:09","guid":{"rendered":"https:\/\/amical-mauthausen.org\/?page_id=9861"},"modified":"2022-11-22T09:22:58","modified_gmt":"2022-11-22T09:22:58","slug":"banc-de-recursos","status":"publish","type":"page","link":"https:\/\/amical-mauthausen.org\/ca\/educacio\/banc-de-recursos\/","title":{"rendered":"Banc de recursos"},"content":{"rendered":"<p>El Banc de Recursos aplega una selecci\u00f3 de llibres, pel.l\u00edcules, obres de teatre, exposicions i webs que tracten la deportaci\u00f3 republicana i l\u2019Holocaust.\u00a0 \u00c9s un recull que pot ser \u00fatil per a centres educatius que vulguin treballar o programar activitats relacionades amb aquesta tem\u00e1tica.<\/p>\n<p>\u00c9s un document viu que es va actualitzant peri\u00f2dicament.<\/p>\n","protected":false},"excerpt":{"rendered":"<p>El Banc de Recursos aplega una selecci\u00f3 de llibres, pel.l\u00edcules, obres de teatre, exposicions i webs que tracten la deportaci\u00f3 republicana i l\u2019Holocaust.\u00a0 \u00c9s un recull que pot ser \u00fatil per a centres educatius que vulguin treballar o programar activitats relacionades amb aquesta tem\u00e1tica. \u00c9s un document viu que es va actualitzant peri\u00f2dicament.<\/p>\n","protected":false},"author":1,"featured_media":0,"parent":9788,"menu_order":0,"comment_status":"closed","ping_status":"closed","template":"","meta":{"_acf_changed":false,"footnotes":""},"class_list":["post-9861","page","type-page","status-publish","hentry"],"acf":[],"_links":{"self":[{"href":"https:\/\/amical-mauthausen.org\/ca\/wp-json\/wp\/v2\/pages\/9861","targetHints":{"allow":["GET"]}}],"collection":[{"href":"https:\/\/amical-mauthausen.org\/ca\/wp-json\/wp\/v2\/pages"}],"about":[{"href":"https:\/\/amical-mauthausen.org\/ca\/wp-json\/wp\/v2\/types\/page"}],"author":[{"embeddable":true,"href":"https:\/\/amical-mauthausen.org\/ca\/wp-json\/wp\/v2\/users\/1"}],"replies":[{"embeddable":true,"href":"https:\/\/amical-mauthausen.org\/ca\/wp-json\/wp\/v2\/comments?post=9861"}],"version-history":[{"count":8,"href":"https:\/\/amical-mauthausen.org\/ca\/wp-json\/wp\/v2\/pages\/9861\/revisions"}],"predecessor-version":[{"id":10226,"href":"https:\/\/amical-mauthausen.org\/ca\/wp-json\/wp\/v2\/pages\/9861\/revisions\/10226"}],"up":[{"embeddable":true,"href":"https:\/\/amical-mauthausen.org\/ca\/wp-json\/wp\/v2\/pages\/9788"}],"wp:attachment":[{"href":"https:\/\/amical-mauthausen.org\/ca\/wp-json\/wp\/v2\/media?parent=9861"}],"curies":[{"name":"wp","href":"https:\/\/api.w.org\/{rel}","templated":true}]}}