{"id":9846,"date":"2022-08-25T10:41:09","date_gmt":"2022-08-25T10:41:09","guid":{"rendered":"https:\/\/amical-mauthausen.org\/?page_id=9846"},"modified":"2022-11-22T09:15:03","modified_gmt":"2022-11-22T09:15:03","slug":"assessorament-treballs-de-recerca","status":"publish","type":"page","link":"https:\/\/amical-mauthausen.org\/ca\/educacio\/assessorament-treballs-de-recerca\/","title":{"rendered":"Assessorament Treballs de Recerca"},"content":{"rendered":"<p>L\u2019Amical de Mauthausen i altres camps orienta a\u00a0 estudiants que duen a terme el seu treball de recerca de batxillerat sobre els camps de concentraci\u00f3 i la deportaci\u00f3 republicana. L\u2019ajut i el suport de l\u2019Amical, per\u00f2, nom\u00e9s pot ser productiu a partir del moment en qu\u00e8 s\u2019hagi acotat el tema i elaborat el gui\u00f3. At\u00e8s que no hi ha supervivents per testimoniar, poden realitzar-se entrevistes a familiars i historiadors. Tamb\u00e9 es pot fer \u00fas de la biblioteca especialitzada i obtenir informaci\u00f3 de la base de dades sobre els deportats republicans. En aquest espai trobareu un document orientatiu per a la realitzaci\u00f3 dels vostres treballs.<\/p>\n","protected":false},"excerpt":{"rendered":"<p>L\u2019Amical de Mauthausen i altres camps orienta a\u00a0 estudiants que duen a terme el seu treball de recerca de batxillerat sobre els camps de concentraci\u00f3 i la deportaci\u00f3 republicana. L\u2019ajut i el suport de l\u2019Amical, per\u00f2, nom\u00e9s pot ser productiu a partir del moment en qu\u00e8 s\u2019hagi acotat el tema i elaborat el gui\u00f3. At\u00e8s que no hi ha supervivents per testimoniar, poden realitzar-se entrevistes a familiars i historiadors. Tamb\u00e9 es pot fer \u00fas de la biblioteca especialitzada i obtenir informaci\u00f3 de la base de dades sobre els deportats republicans. En aquest espai trobareu un document orientatiu per a la realitzaci\u00f3 dels vostres treballs.<\/p>\n","protected":false},"author":1,"featured_media":0,"parent":9788,"menu_order":0,"comment_status":"closed","ping_status":"closed","template":"","meta":{"_acf_changed":false,"footnotes":""},"class_list":["post-9846","page","type-page","status-publish","hentry"],"acf":[],"_links":{"self":[{"href":"https:\/\/amical-mauthausen.org\/ca\/wp-json\/wp\/v2\/pages\/9846","targetHints":{"allow":["GET"]}}],"collection":[{"href":"https:\/\/amical-mauthausen.org\/ca\/wp-json\/wp\/v2\/pages"}],"about":[{"href":"https:\/\/amical-mauthausen.org\/ca\/wp-json\/wp\/v2\/types\/page"}],"author":[{"embeddable":true,"href":"https:\/\/amical-mauthausen.org\/ca\/wp-json\/wp\/v2\/users\/1"}],"replies":[{"embeddable":true,"href":"https:\/\/amical-mauthausen.org\/ca\/wp-json\/wp\/v2\/comments?post=9846"}],"version-history":[{"count":7,"href":"https:\/\/amical-mauthausen.org\/ca\/wp-json\/wp\/v2\/pages\/9846\/revisions"}],"predecessor-version":[{"id":10224,"href":"https:\/\/amical-mauthausen.org\/ca\/wp-json\/wp\/v2\/pages\/9846\/revisions\/10224"}],"up":[{"embeddable":true,"href":"https:\/\/amical-mauthausen.org\/ca\/wp-json\/wp\/v2\/pages\/9788"}],"wp:attachment":[{"href":"https:\/\/amical-mauthausen.org\/ca\/wp-json\/wp\/v2\/media?parent=9846"}],"curies":[{"name":"wp","href":"https:\/\/api.w.org\/{rel}","templated":true}]}}