{"id":9830,"date":"2019-09-27T08:58:46","date_gmt":"2019-09-27T08:58:46","guid":{"rendered":"https:\/\/amical-mauthausen.org\/?page_id=9830"},"modified":"2022-12-21T11:52:55","modified_gmt":"2022-12-21T11:52:55","slug":"republicanos-espanoles-victimas-del-nazismo","status":"publish","type":"page","link":"https:\/\/amical-mauthausen.org\/ca\/educacio\/exposicions\/republicanos-espanoles-victimas-del-nazismo\/","title":{"rendered":"Republicanos espa\u00f1oles v\u00edctimas del nazismo"},"content":{"rendered":"<p>L&#8217;exposici\u00f3, fruit d&#8217;un labori\u00f3s treball en equip, mostra el gran abast de la persecuci\u00f3, l&#8217;esclavitud i la deportaci\u00f3 dels republicans espanyols.<\/p>\n<p>Foren v\u00edctimes els homes i dones deportats als camps nazis &#8211; des de la seva captura per l&#8217;ex\u00e8rcit alemany o per la seva implicaci\u00f3 en la Resist\u00e8ncia -, els condemnats a treballs for\u00e7ats a Alemanya o a les costes atl\u00e0ntiques franceses, els internats als infames camps d&#8217;\u00c0frica del Nord i els jueus d&#8217;origen espanyol.<\/p>\n<p>Tots ells van sofrir persecuci\u00f3 despr\u00e9s d&#8217;una llarga traject\u00f2ria de lluita que va comen\u00e7ar a la Guerra d&#8217;Espanya i no va acabar amb l&#8217;alliberament dels camps el 1945, sin\u00f3 que van continuar proscrits al seu pa\u00eds d&#8217;origen pel r\u00e8gim dictatorial que els havia emp\u00e8s a l&#8217;exili el 1939.<\/p>\n<h2>Caracter\u00edstiques t\u00e8cniques:<\/h2>\n<ul>\n<li><span style=\"font-size: inherit;\">29 Roll Up (200 x 90)<\/span><\/li>\n<li>Idioma: castell\u00e0<\/li>\n<\/ul>\n<p>Producci\u00f3: Amical de Mauthausen amb el suport del Ministerio de la Presidencia, Relaciones con las Cortes y Memoria Democr\u00e1tica<\/p>\n","protected":false},"excerpt":{"rendered":"<p>L&#8217;exposici\u00f3, fruit d&#8217;un labori\u00f3s treball en equip, mostra el gran abast de la persecuci\u00f3, l&#8217;esclavitud i la deportaci\u00f3 dels republicans espanyols. Foren v\u00edctimes els homes i dones deportats als camps nazis &#8211; des de la seva captura per l&#8217;ex\u00e8rcit alemany o per la seva implicaci\u00f3 en la Resist\u00e8ncia -, els condemnats a treballs for\u00e7ats a Alemanya o a les costes atl\u00e0ntiques franceses, els internats als infames camps d&#8217;\u00c0frica del Nord i els jueus d&#8217;origen espanyol. Tots ells van sofrir persecuci\u00f3 despr\u00e9s d&#8217;una llarga traject\u00f2ria de lluita que va comen\u00e7ar a la Guerra d&#8217;Espanya i no va acabar amb l&#8217;alliberament dels camps el 1945, sin\u00f3 que van continuar proscrits al seu &hellip; <a href=\"https:\/\/amical-mauthausen.org\/ca\/educacio\/exposicions\/republicanos-espanoles-victimas-del-nazismo\/\" class=\"more-link\">Continua la lectura de <span class=\"screen-reader-text\">Republicanos espa\u00f1oles v\u00edctimas del nazismo<\/span> <span class=\"meta-nav\">&rarr;<\/span><\/a><\/p>\n","protected":false},"author":1,"featured_media":0,"parent":9825,"menu_order":1,"comment_status":"closed","ping_status":"closed","template":"page-exposicionsdins.php","meta":{"_acf_changed":false,"footnotes":""},"class_list":["post-9830","page","type-page","status-publish","hentry"],"acf":[],"_links":{"self":[{"href":"https:\/\/amical-mauthausen.org\/ca\/wp-json\/wp\/v2\/pages\/9830","targetHints":{"allow":["GET"]}}],"collection":[{"href":"https:\/\/amical-mauthausen.org\/ca\/wp-json\/wp\/v2\/pages"}],"about":[{"href":"https:\/\/amical-mauthausen.org\/ca\/wp-json\/wp\/v2\/types\/page"}],"author":[{"embeddable":true,"href":"https:\/\/amical-mauthausen.org\/ca\/wp-json\/wp\/v2\/users\/1"}],"replies":[{"embeddable":true,"href":"https:\/\/amical-mauthausen.org\/ca\/wp-json\/wp\/v2\/comments?post=9830"}],"version-history":[{"count":17,"href":"https:\/\/amical-mauthausen.org\/ca\/wp-json\/wp\/v2\/pages\/9830\/revisions"}],"predecessor-version":[{"id":10300,"href":"https:\/\/amical-mauthausen.org\/ca\/wp-json\/wp\/v2\/pages\/9830\/revisions\/10300"}],"up":[{"embeddable":true,"href":"https:\/\/amical-mauthausen.org\/ca\/wp-json\/wp\/v2\/pages\/9825"}],"wp:attachment":[{"href":"https:\/\/amical-mauthausen.org\/ca\/wp-json\/wp\/v2\/media?parent=9830"}],"curies":[{"name":"wp","href":"https:\/\/api.w.org\/{rel}","templated":true}]}}