{"id":9829,"date":"2017-03-02T09:06:20","date_gmt":"2017-03-02T09:06:20","guid":{"rendered":"https:\/\/amical-mauthausen.org\/?page_id=9829"},"modified":"2026-03-05T10:04:46","modified_gmt":"2026-03-05T10:04:46","slug":"mauthausen-lunivers-de-lhorror","status":"publish","type":"page","link":"https:\/\/amical-mauthausen.org\/ca\/educacio\/exposicions\/mauthausen-lunivers-de-lhorror\/","title":{"rendered":"MAUTHAUSEN. L&#8217;UNIVERS DE L&#8217;HORROR"},"content":{"rendered":"<p>Exposici\u00f3 produ\u00efda per donar a con\u00e8ixer les viv\u00e8ncies dels republicans espanyols al camp de Mauthausen, en un llarg recorregut cronol\u00f2gic des de la II Rep\u00fablica fins a la deportaci\u00f3.<\/p>\n<h2>Caracter\u00edstiques t\u00e8cniques:<\/h2>\n<p>40 plafons emmarcats de 100 x 70 cm<\/p>\n<p>Es transporten en dues caixes de fusta amb rodes de 110X85X85 cm<\/p>\n<p>Producci\u00f3: Amical de Mauthausen, Museu d\u2019Hist\u00f2ria de Catalunya.<\/p>\n","protected":false},"excerpt":{"rendered":"<p>Exposici\u00f3 produ\u00efda per donar a con\u00e8ixer les viv\u00e8ncies dels republicans espanyols al camp de Mauthausen, en un llarg recorregut cronol\u00f2gic des de la II Rep\u00fablica fins a la deportaci\u00f3. Caracter\u00edstiques t\u00e8cniques: 40 plafons emmarcats de 100 x 70 cm Es transporten en dues caixes de fusta amb rodes de 110X85X85 cm Producci\u00f3: Amical de Mauthausen, Museu d\u2019Hist\u00f2ria de Catalunya.<\/p>\n","protected":false},"author":1,"featured_media":0,"parent":9825,"menu_order":3,"comment_status":"closed","ping_status":"closed","template":"page-exposicionsdins.php","meta":{"_acf_changed":false,"footnotes":""},"class_list":["post-9829","page","type-page","status-publish","hentry"],"acf":[],"_links":{"self":[{"href":"https:\/\/amical-mauthausen.org\/ca\/wp-json\/wp\/v2\/pages\/9829","targetHints":{"allow":["GET"]}}],"collection":[{"href":"https:\/\/amical-mauthausen.org\/ca\/wp-json\/wp\/v2\/pages"}],"about":[{"href":"https:\/\/amical-mauthausen.org\/ca\/wp-json\/wp\/v2\/types\/page"}],"author":[{"embeddable":true,"href":"https:\/\/amical-mauthausen.org\/ca\/wp-json\/wp\/v2\/users\/1"}],"replies":[{"embeddable":true,"href":"https:\/\/amical-mauthausen.org\/ca\/wp-json\/wp\/v2\/comments?post=9829"}],"version-history":[{"count":5,"href":"https:\/\/amical-mauthausen.org\/ca\/wp-json\/wp\/v2\/pages\/9829\/revisions"}],"predecessor-version":[{"id":11964,"href":"https:\/\/amical-mauthausen.org\/ca\/wp-json\/wp\/v2\/pages\/9829\/revisions\/11964"}],"up":[{"embeddable":true,"href":"https:\/\/amical-mauthausen.org\/ca\/wp-json\/wp\/v2\/pages\/9825"}],"wp:attachment":[{"href":"https:\/\/amical-mauthausen.org\/ca\/wp-json\/wp\/v2\/media?parent=9829"}],"curies":[{"name":"wp","href":"https:\/\/api.w.org\/{rel}","templated":true}]}}