{"id":9828,"date":"2017-03-01T14:48:10","date_gmt":"2017-03-01T14:48:10","guid":{"rendered":"https:\/\/amical-mauthausen.org\/?page_id=9828"},"modified":"2022-09-06T13:23:51","modified_gmt":"2022-09-06T13:23:51","slug":"imagenes-y-memoria-de-mauthausen","status":"publish","type":"page","link":"https:\/\/amical-mauthausen.org\/ca\/educacio\/exposicions\/imagenes-y-memoria-de-mauthausen\/","title":{"rendered":"Im\u00e1genes y memoria de Mauthausen"},"content":{"rendered":"<p>L\u2019exposici\u00f3 fotogr\u00e0fica <em>Im\u00e1genes y memoria de Mauthausen<\/em> organitzada sota la iniciativa del Ministeri d\u2019Interior austr\u00edac, l\u2019Amicale de Mauthausen francesa i l\u2019Amical de Mauthausen espanyola amb la col\u00b7laboraci\u00f3 del Comit\u00e8 Internacional de Mauthausen, t\u00e9 l\u2019objectiu de donar a con\u00e8ixer al gran p\u00fablic les imatges que documenten la realitat d\u2019aquest camp de concentraci\u00f3 i d\u2019algun camp exterior, per tal de mantenir viva la mem\u00f2ria dels milers de deportats als camps del Tercer Reich.<\/p>\n<h2>Caracter\u00edstiques t\u00e8cniques:<\/h2>\n<ul>\n<li>3 plafons de 300 x 140 cm.<\/li>\n<li>27 plafons de 240 x 140 cm.<\/li>\n<li>Estructures i il\u00b7luminaci\u00f3<\/li>\n<li>Es transporten en nou caixes:<br \/>\n. 1 de 310 x 160 x 15 cm.<br \/>\n. 4 de 260 x 160 x 50 cm.<br \/>\n. 4\u00a0 de 250 x 150 x 50 cm.<\/li>\n<li>Pesa uns 900 quilos aproximadament<\/li>\n<li>Espai m\u00ednim per a la seva exhibici\u00f3: 250 m\u00b2<\/li>\n<li>Idioma: castell\u00e0.<\/li>\n<\/ul>\n<p>Producci\u00f3: Amical de Mauthausen d\u2019Espanya, Amical de Mauthausen de Fran\u00e7a i Ministeri de l\u2019Interior d\u2019\u00c0ustria<\/p>\n","protected":false},"excerpt":{"rendered":"<p>L\u2019exposici\u00f3 fotogr\u00e0fica Im\u00e1genes y memoria de Mauthausen organitzada sota la iniciativa del Ministeri d\u2019Interior austr\u00edac, l\u2019Amicale de Mauthausen francesa i l\u2019Amical de Mauthausen espanyola amb la col\u00b7laboraci\u00f3 del Comit\u00e8 Internacional de Mauthausen, t\u00e9 l\u2019objectiu de donar a con\u00e8ixer al gran p\u00fablic les imatges que documenten la realitat d\u2019aquest camp de concentraci\u00f3 i d\u2019algun camp exterior, per tal de mantenir viva la mem\u00f2ria dels milers de deportats als camps del Tercer Reich. Caracter\u00edstiques t\u00e8cniques: 3 plafons de 300 x 140 cm. 27 plafons de 240 x 140 cm. Estructures i il\u00b7luminaci\u00f3 Es transporten en nou caixes: . 1 de 310 x 160 x 15 cm. . 4 de 260 x 160 &hellip; <a href=\"https:\/\/amical-mauthausen.org\/ca\/educacio\/exposicions\/imagenes-y-memoria-de-mauthausen\/\" class=\"more-link\">Continua la lectura de <span class=\"screen-reader-text\">Im\u00e1genes y memoria de Mauthausen<\/span> <span class=\"meta-nav\">&rarr;<\/span><\/a><\/p>\n","protected":false},"author":1,"featured_media":0,"parent":9825,"menu_order":4,"comment_status":"closed","ping_status":"closed","template":"page-exposicionsdins.php","meta":{"_acf_changed":false,"footnotes":""},"class_list":["post-9828","page","type-page","status-publish","hentry"],"acf":[],"_links":{"self":[{"href":"https:\/\/amical-mauthausen.org\/ca\/wp-json\/wp\/v2\/pages\/9828","targetHints":{"allow":["GET"]}}],"collection":[{"href":"https:\/\/amical-mauthausen.org\/ca\/wp-json\/wp\/v2\/pages"}],"about":[{"href":"https:\/\/amical-mauthausen.org\/ca\/wp-json\/wp\/v2\/types\/page"}],"author":[{"embeddable":true,"href":"https:\/\/amical-mauthausen.org\/ca\/wp-json\/wp\/v2\/users\/1"}],"replies":[{"embeddable":true,"href":"https:\/\/amical-mauthausen.org\/ca\/wp-json\/wp\/v2\/comments?post=9828"}],"version-history":[{"count":4,"href":"https:\/\/amical-mauthausen.org\/ca\/wp-json\/wp\/v2\/pages\/9828\/revisions"}],"predecessor-version":[{"id":9902,"href":"https:\/\/amical-mauthausen.org\/ca\/wp-json\/wp\/v2\/pages\/9828\/revisions\/9902"}],"up":[{"embeddable":true,"href":"https:\/\/amical-mauthausen.org\/ca\/wp-json\/wp\/v2\/pages\/9825"}],"wp:attachment":[{"href":"https:\/\/amical-mauthausen.org\/ca\/wp-json\/wp\/v2\/media?parent=9828"}],"curies":[{"name":"wp","href":"https:\/\/api.w.org\/{rel}","templated":true}]}}