{"id":9827,"date":"2019-09-27T08:58:46","date_gmt":"2019-09-27T08:58:46","guid":{"rendered":"https:\/\/amical-mauthausen.org\/?page_id=9827"},"modified":"2022-09-06T13:24:04","modified_gmt":"2022-09-06T13:24:04","slug":"deportacio-silenci-i-solitud-proyecto-deportazioa-isiltasuna-eta-bakardadea","status":"publish","type":"page","link":"https:\/\/amical-mauthausen.org\/ca\/educacio\/exposicions\/deportacio-silenci-i-solitud-proyecto-deportazioa-isiltasuna-eta-bakardadea\/","title":{"rendered":"Deportaci\u00f3, silenci i solitud \/ Proyecto deportazioa, isiltasuna eta bakardadea"},"content":{"rendered":"<h2>Caracter\u00edstiques t\u00e8cniques:<\/h2>\n<ul>\n<li>Caracter\u00edstiques:<\/li>\n<li><span style=\"font-size: inherit;\">15 Roll Up (200 x 100)<\/span><\/li>\n<li><span style=\"font-size: inherit;\">Fotografies en blanc i negre<\/span><\/li>\n<\/ul>\n<p><span style=\"font-size: inherit;\">Contacte: Juanfran Murillo, delegat de l&#8217;Amic a Euskadi, <\/span><a href=\"mailto:argitze99@hotmail.com\" target=\"_blank\" rel=\"noopener noreferrer\">argitze99@hotmail.com<\/a><\/p>\n","protected":false},"excerpt":{"rendered":"<p>Caracter\u00edstiques t\u00e8cniques: Caracter\u00edstiques: 15 Roll Up (200 x 100) Fotografies en blanc i negre Contacte: Juanfran Murillo, delegat de l&#8217;Amic a Euskadi, argitze99@hotmail.com<\/p>\n","protected":false},"author":1,"featured_media":0,"parent":9825,"menu_order":5,"comment_status":"closed","ping_status":"closed","template":"page-exposicionsdins.php","meta":{"_acf_changed":false,"footnotes":""},"class_list":["post-9827","page","type-page","status-publish","hentry"],"acf":[],"_links":{"self":[{"href":"https:\/\/amical-mauthausen.org\/ca\/wp-json\/wp\/v2\/pages\/9827","targetHints":{"allow":["GET"]}}],"collection":[{"href":"https:\/\/amical-mauthausen.org\/ca\/wp-json\/wp\/v2\/pages"}],"about":[{"href":"https:\/\/amical-mauthausen.org\/ca\/wp-json\/wp\/v2\/types\/page"}],"author":[{"embeddable":true,"href":"https:\/\/amical-mauthausen.org\/ca\/wp-json\/wp\/v2\/users\/1"}],"replies":[{"embeddable":true,"href":"https:\/\/amical-mauthausen.org\/ca\/wp-json\/wp\/v2\/comments?post=9827"}],"version-history":[{"count":4,"href":"https:\/\/amical-mauthausen.org\/ca\/wp-json\/wp\/v2\/pages\/9827\/revisions"}],"predecessor-version":[{"id":9901,"href":"https:\/\/amical-mauthausen.org\/ca\/wp-json\/wp\/v2\/pages\/9827\/revisions\/9901"}],"up":[{"embeddable":true,"href":"https:\/\/amical-mauthausen.org\/ca\/wp-json\/wp\/v2\/pages\/9825"}],"wp:attachment":[{"href":"https:\/\/amical-mauthausen.org\/ca\/wp-json\/wp\/v2\/media?parent=9827"}],"curies":[{"name":"wp","href":"https:\/\/api.w.org\/{rel}","templated":true}]}}