{"id":9825,"date":"2017-02-24T12:16:23","date_gmt":"2017-02-24T12:16:23","guid":{"rendered":"https:\/\/amical-mauthausen.org\/?page_id=9825"},"modified":"2022-09-07T10:08:53","modified_gmt":"2022-09-07T10:08:53","slug":"exposicions","status":"publish","type":"page","link":"https:\/\/amical-mauthausen.org\/ca\/educacio\/exposicions\/","title":{"rendered":"Exposicions"},"content":{"rendered":"<p>L\u2019Amical de Mauthausen disposa de sis exposicions itinerants que poden ser utilitzades pels centres educatius. Ateses les dimensions i espais que es necessita per exhibir-les, la nostra experi\u00e8ncia \u00e9s que el m\u00e9s adient \u00e9s coordinar-ho amb ajuntaments o entitats locals.<\/p>\n<p>L\u2019exposici\u00f3 Republicanos espa\u00f1oles v\u00edctimas del nazismo, est\u00e0 disponible en format digital per facilitar el seu \u00fas en els centres educatius, ja sigui per visionar, descarregar o imprimir. Est\u00e0 vinculada tamb\u00e9 a uns materials educatius elaborats especialment, en versi\u00f3 catal\u00e0 i castell\u00e0.<\/p>\n<p>Aquests materials estan pensats per a 4t d\u2019ESO, Batxillerat i Escoles d\u2019Adults.<\/p>\n","protected":false},"excerpt":{"rendered":"<p>L\u2019Amical de Mauthausen disposa de sis exposicions itinerants que poden ser utilitzades pels centres educatius. Ateses les dimensions i espais que es necessita per exhibir-les, la nostra experi\u00e8ncia \u00e9s que el m\u00e9s adient \u00e9s coordinar-ho amb ajuntaments o entitats locals. L\u2019exposici\u00f3 Republicanos espa\u00f1oles v\u00edctimas del nazismo, est\u00e0 disponible en format digital per facilitar el seu \u00fas en els centres educatius, ja sigui per visionar, descarregar o imprimir. Est\u00e0 vinculada tamb\u00e9 a uns materials educatius elaborats especialment, en versi\u00f3 catal\u00e0 i castell\u00e0. Aquests materials estan pensats per a 4t d\u2019ESO, Batxillerat i Escoles d\u2019Adults.<\/p>\n","protected":false},"author":1,"featured_media":0,"parent":9788,"menu_order":0,"comment_status":"closed","ping_status":"closed","template":"page-exposicions.php","meta":{"_acf_changed":false,"footnotes":""},"class_list":["post-9825","page","type-page","status-publish","hentry"],"acf":[],"_links":{"self":[{"href":"https:\/\/amical-mauthausen.org\/ca\/wp-json\/wp\/v2\/pages\/9825","targetHints":{"allow":["GET"]}}],"collection":[{"href":"https:\/\/amical-mauthausen.org\/ca\/wp-json\/wp\/v2\/pages"}],"about":[{"href":"https:\/\/amical-mauthausen.org\/ca\/wp-json\/wp\/v2\/types\/page"}],"author":[{"embeddable":true,"href":"https:\/\/amical-mauthausen.org\/ca\/wp-json\/wp\/v2\/users\/1"}],"replies":[{"embeddable":true,"href":"https:\/\/amical-mauthausen.org\/ca\/wp-json\/wp\/v2\/comments?post=9825"}],"version-history":[{"count":4,"href":"https:\/\/amical-mauthausen.org\/ca\/wp-json\/wp\/v2\/pages\/9825\/revisions"}],"predecessor-version":[{"id":9983,"href":"https:\/\/amical-mauthausen.org\/ca\/wp-json\/wp\/v2\/pages\/9825\/revisions\/9983"}],"up":[{"embeddable":true,"href":"https:\/\/amical-mauthausen.org\/ca\/wp-json\/wp\/v2\/pages\/9788"}],"wp:attachment":[{"href":"https:\/\/amical-mauthausen.org\/ca\/wp-json\/wp\/v2\/media?parent=9825"}],"curies":[{"name":"wp","href":"https:\/\/api.w.org\/{rel}","templated":true}]}}