{"id":9795,"date":"2017-03-03T10:12:49","date_gmt":"2017-03-03T10:12:49","guid":{"rendered":"https:\/\/amical-mauthausen.org\/?page_id=9795"},"modified":"2022-09-06T11:56:41","modified_gmt":"2022-09-06T11:56:41","slug":"joaquim-amat-piniella","status":"publish","type":"page","link":"https:\/\/amical-mauthausen.org\/ca\/educacio\/xerrades\/joaquim-amat-piniella\/","title":{"rendered":"JOAQUIM AMAT-PINIELLA"},"content":{"rendered":"<p>A partir de la figura de l\u2019escriptor catal\u00e0 de K-L Reich, centrada en la seva deportaci\u00f3 a Mauthausen, es pot valorar l&#8217;aportaci\u00f3 republicana a la producci\u00f3 memoral\u00edstica europea.<\/p>\n","protected":false},"excerpt":{"rendered":"<p>A partir de la figura de l\u2019escriptor catal\u00e0 de K-L Reich, centrada en la seva deportaci\u00f3 a Mauthausen, es pot valorar l&#8217;aportaci\u00f3 republicana a la producci\u00f3 memoral\u00edstica europea.<\/p>\n","protected":false},"author":1,"featured_media":0,"parent":9790,"menu_order":4,"comment_status":"closed","ping_status":"closed","template":"page-exposicionsdins.php","meta":{"_acf_changed":false,"footnotes":""},"class_list":["post-9795","page","type-page","status-publish","hentry"],"acf":[],"_links":{"self":[{"href":"https:\/\/amical-mauthausen.org\/ca\/wp-json\/wp\/v2\/pages\/9795","targetHints":{"allow":["GET"]}}],"collection":[{"href":"https:\/\/amical-mauthausen.org\/ca\/wp-json\/wp\/v2\/pages"}],"about":[{"href":"https:\/\/amical-mauthausen.org\/ca\/wp-json\/wp\/v2\/types\/page"}],"author":[{"embeddable":true,"href":"https:\/\/amical-mauthausen.org\/ca\/wp-json\/wp\/v2\/users\/1"}],"replies":[{"embeddable":true,"href":"https:\/\/amical-mauthausen.org\/ca\/wp-json\/wp\/v2\/comments?post=9795"}],"version-history":[{"count":3,"href":"https:\/\/amical-mauthausen.org\/ca\/wp-json\/wp\/v2\/pages\/9795\/revisions"}],"predecessor-version":[{"id":9822,"href":"https:\/\/amical-mauthausen.org\/ca\/wp-json\/wp\/v2\/pages\/9795\/revisions\/9822"}],"up":[{"embeddable":true,"href":"https:\/\/amical-mauthausen.org\/ca\/wp-json\/wp\/v2\/pages\/9790"}],"wp:attachment":[{"href":"https:\/\/amical-mauthausen.org\/ca\/wp-json\/wp\/v2\/media?parent=9795"}],"curies":[{"name":"wp","href":"https:\/\/api.w.org\/{rel}","templated":true}]}}