{"id":9794,"date":"2022-06-30T11:13:21","date_gmt":"2022-06-30T11:13:21","guid":{"rendered":"https:\/\/amical-mauthausen.org\/?page_id=9794"},"modified":"2022-09-06T11:58:14","modified_gmt":"2022-09-06T11:58:14","slug":"holocaust-i-deportacio-historia-memoria-i-cinema","status":"publish","type":"page","link":"https:\/\/amical-mauthausen.org\/ca\/educacio\/xerrades\/holocaust-i-deportacio-historia-memoria-i-cinema\/","title":{"rendered":"HOLOCAUST I DEPORTACI\u00d3: HIST\u00d2RIA, MEM\u00d2RIA I CINEMA &#8211; Clone"},"content":{"rendered":"<p>L&#8217;activitat consisteix en la presentaci\u00f3 de l\u2019Holocaust i la Deportaci\u00f3 Republicana a partir d\u2019una seq\u00fc\u00e8ncia de 5 breus fragments cinematogr\u00e0fics (24\u201939\u2019\u2019), extrets de films de ficci\u00f3 produ\u00efts durant les dues \u00faltimes d\u00e8cades (2001-2018).<\/p>\n","protected":false},"excerpt":{"rendered":"<p>L&#8217;activitat consisteix en la presentaci\u00f3 de l\u2019Holocaust i la Deportaci\u00f3 Republicana a partir d\u2019una seq\u00fc\u00e8ncia de 5 breus fragments cinematogr\u00e0fics (24\u201939\u2019\u2019), extrets de films de ficci\u00f3 produ\u00efts durant les dues \u00faltimes d\u00e8cades (2001-2018).<\/p>\n","protected":false},"author":4,"featured_media":0,"parent":9790,"menu_order":6,"comment_status":"closed","ping_status":"closed","template":"page-exposicionsdins.php","meta":{"_acf_changed":false,"footnotes":""},"class_list":["post-9794","page","type-page","status-publish","hentry"],"acf":[],"_links":{"self":[{"href":"https:\/\/amical-mauthausen.org\/ca\/wp-json\/wp\/v2\/pages\/9794","targetHints":{"allow":["GET"]}}],"collection":[{"href":"https:\/\/amical-mauthausen.org\/ca\/wp-json\/wp\/v2\/pages"}],"about":[{"href":"https:\/\/amical-mauthausen.org\/ca\/wp-json\/wp\/v2\/types\/page"}],"author":[{"embeddable":true,"href":"https:\/\/amical-mauthausen.org\/ca\/wp-json\/wp\/v2\/users\/4"}],"replies":[{"embeddable":true,"href":"https:\/\/amical-mauthausen.org\/ca\/wp-json\/wp\/v2\/comments?post=9794"}],"version-history":[{"count":1,"href":"https:\/\/amical-mauthausen.org\/ca\/wp-json\/wp\/v2\/pages\/9794\/revisions"}],"predecessor-version":[{"id":9800,"href":"https:\/\/amical-mauthausen.org\/ca\/wp-json\/wp\/v2\/pages\/9794\/revisions\/9800"}],"up":[{"embeddable":true,"href":"https:\/\/amical-mauthausen.org\/ca\/wp-json\/wp\/v2\/pages\/9790"}],"wp:attachment":[{"href":"https:\/\/amical-mauthausen.org\/ca\/wp-json\/wp\/v2\/media?parent=9794"}],"curies":[{"name":"wp","href":"https:\/\/api.w.org\/{rel}","templated":true}]}}