{"id":9739,"date":"2022-06-22T11:44:53","date_gmt":"2022-06-22T11:44:53","guid":{"rendered":"https:\/\/amical-mauthausen.org\/?page_id=9739"},"modified":"2022-08-25T08:44:19","modified_gmt":"2022-08-25T08:44:19","slug":"la-deportacio-de-diferents-collectius-gitanos-homosexuals-testimonis-de-jehova","status":"publish","type":"page","link":"https:\/\/amical-mauthausen.org\/ca\/serveis\/xerrades-i-conferencies\/la-deportacio-de-diferents-collectius-gitanos-homosexuals-testimonis-de-jehova\/","title":{"rendered":"La deportaci\u00f3 de diferents col\u00b7lectius (gitanos, homosexuals, testimonis de Jehov\u00e0&#8230;)"},"content":{"rendered":"<p>Xerrada on s&#8217;exposar\u00e0 la internacionalitat i transversalitat de la deportaci\u00f3, que a m\u00e9s del col\u00b7lectiu jueu, n&#8217;inclou d&#8217;altres.<\/p>\n","protected":false},"excerpt":{"rendered":"<p>Xerrada on s&#8217;exposar\u00e0 la internacionalitat i transversalitat de la deportaci\u00f3, que a m\u00e9s del col\u00b7lectiu jueu, n&#8217;inclou d&#8217;altres.<\/p>\n","protected":false},"author":4,"featured_media":0,"parent":2929,"menu_order":5,"comment_status":"closed","ping_status":"closed","template":"page-exposicionsdins.php","meta":{"_acf_changed":false,"footnotes":""},"class_list":["post-9739","page","type-page","status-publish","hentry"],"acf":[],"_links":{"self":[{"href":"https:\/\/amical-mauthausen.org\/ca\/wp-json\/wp\/v2\/pages\/9739","targetHints":{"allow":["GET"]}}],"collection":[{"href":"https:\/\/amical-mauthausen.org\/ca\/wp-json\/wp\/v2\/pages"}],"about":[{"href":"https:\/\/amical-mauthausen.org\/ca\/wp-json\/wp\/v2\/types\/page"}],"author":[{"embeddable":true,"href":"https:\/\/amical-mauthausen.org\/ca\/wp-json\/wp\/v2\/users\/4"}],"replies":[{"embeddable":true,"href":"https:\/\/amical-mauthausen.org\/ca\/wp-json\/wp\/v2\/comments?post=9739"}],"version-history":[{"count":3,"href":"https:\/\/amical-mauthausen.org\/ca\/wp-json\/wp\/v2\/pages\/9739\/revisions"}],"predecessor-version":[{"id":9814,"href":"https:\/\/amical-mauthausen.org\/ca\/wp-json\/wp\/v2\/pages\/9739\/revisions\/9814"}],"up":[{"embeddable":true,"href":"https:\/\/amical-mauthausen.org\/ca\/wp-json\/wp\/v2\/pages\/2929"}],"wp:attachment":[{"href":"https:\/\/amical-mauthausen.org\/ca\/wp-json\/wp\/v2\/media?parent=9739"}],"curies":[{"name":"wp","href":"https:\/\/api.w.org\/{rel}","templated":true}]}}