{"id":9734,"date":"2022-06-22T11:39:56","date_gmt":"2022-06-22T11:39:56","guid":{"rendered":"https:\/\/amical-mauthausen.org\/?page_id=9734"},"modified":"2022-06-22T11:39:56","modified_gmt":"2022-06-22T11:39:56","slug":"la-deportacio-republicana-als-camps-nazis-visio-general-comarcal-local","status":"publish","type":"page","link":"https:\/\/amical-mauthausen.org\/ca\/serveis\/xerrades-i-conferencies\/la-deportacio-republicana-als-camps-nazis-visio-general-comarcal-local\/","title":{"rendered":"La deportaci\u00f3 republicana als camps nazis (visi\u00f3 general, comarcal, local&#8230;)"},"content":{"rendered":"<p>Xerrada on s&#8217;exposa el proc\u00e9s de la deportaci\u00f3 republicana, des de l&#8217;exili de 1939 fins a l&#8217;alliberament dels camps nazis. En el cas que la localitat on es fa la xerrada compti amb persones deportades es personalitzar\u00e0 el seu itinerari.<\/p>\n","protected":false},"excerpt":{"rendered":"<p>Xerrada on s&#8217;exposa el proc\u00e9s de la deportaci\u00f3 republicana, des de l&#8217;exili de 1939 fins a l&#8217;alliberament dels camps nazis. En el cas que la localitat on es fa la xerrada compti amb persones deportades es personalitzar\u00e0 el seu itinerari.<\/p>\n","protected":false},"author":4,"featured_media":0,"parent":2929,"menu_order":0,"comment_status":"closed","ping_status":"closed","template":"page-exposicionsdins.php","meta":{"_acf_changed":false,"footnotes":""},"class_list":["post-9734","page","type-page","status-publish","hentry"],"acf":[],"_links":{"self":[{"href":"https:\/\/amical-mauthausen.org\/ca\/wp-json\/wp\/v2\/pages\/9734","targetHints":{"allow":["GET"]}}],"collection":[{"href":"https:\/\/amical-mauthausen.org\/ca\/wp-json\/wp\/v2\/pages"}],"about":[{"href":"https:\/\/amical-mauthausen.org\/ca\/wp-json\/wp\/v2\/types\/page"}],"author":[{"embeddable":true,"href":"https:\/\/amical-mauthausen.org\/ca\/wp-json\/wp\/v2\/users\/4"}],"replies":[{"embeddable":true,"href":"https:\/\/amical-mauthausen.org\/ca\/wp-json\/wp\/v2\/comments?post=9734"}],"version-history":[{"count":2,"href":"https:\/\/amical-mauthausen.org\/ca\/wp-json\/wp\/v2\/pages\/9734\/revisions"}],"predecessor-version":[{"id":9738,"href":"https:\/\/amical-mauthausen.org\/ca\/wp-json\/wp\/v2\/pages\/9734\/revisions\/9738"}],"up":[{"embeddable":true,"href":"https:\/\/amical-mauthausen.org\/ca\/wp-json\/wp\/v2\/pages\/2929"}],"wp:attachment":[{"href":"https:\/\/amical-mauthausen.org\/ca\/wp-json\/wp\/v2\/media?parent=9734"}],"curies":[{"name":"wp","href":"https:\/\/api.w.org\/{rel}","templated":true}]}}