{"id":8437,"date":"2020-09-17T12:34:32","date_gmt":"2020-09-17T12:34:32","guid":{"rendered":"http:\/\/amical-mauthausen.org\/?page_id=8437"},"modified":"2026-03-02T07:21:12","modified_gmt":"2026-03-02T07:21:12","slug":"memoria-dels-camps","status":"publish","type":"page","link":"https:\/\/amical-mauthausen.org\/ca\/projectes\/memoria-dels-camps\/","title":{"rendered":"Mem\u00f2ria dels camps"},"content":{"rendered":"<p>L\u2019Amical de Mauthausen i altres camps representa als deportats d\u2019aquest camp austr\u00edac i de tots els camps del III Reich, tot i que l\u2019associaci\u00f3 pren el nom de Mauthausen pel fet de ser el camp on van ser deportats m\u00e9s espanyols.<\/p>\n<p>\u00c9s per aquest motiu que ha endegat projectes espec\u00edfics per a diferents camps. En podeu veure una selecci\u00f3 en aquest apartat.<\/p>\n","protected":false},"excerpt":{"rendered":"<p>L\u2019Amical de Mauthausen i altres camps representa als deportats d\u2019aquest camp austr\u00edac i de tots els camps del III Reich, tot i que l\u2019associaci\u00f3 pren el nom de Mauthausen pel fet de ser el camp on van ser deportats m\u00e9s espanyols. \u00c9s per aquest motiu que ha endegat projectes espec\u00edfics per a diferents camps. En podeu veure una selecci\u00f3 en aquest apartat.<\/p>\n","protected":false},"author":1,"featured_media":0,"parent":3255,"menu_order":0,"comment_status":"closed","ping_status":"closed","template":"page-projectes.php","meta":{"_acf_changed":false,"footnotes":""},"class_list":["post-8437","page","type-page","status-publish","hentry"],"acf":[],"_links":{"self":[{"href":"https:\/\/amical-mauthausen.org\/ca\/wp-json\/wp\/v2\/pages\/8437","targetHints":{"allow":["GET"]}}],"collection":[{"href":"https:\/\/amical-mauthausen.org\/ca\/wp-json\/wp\/v2\/pages"}],"about":[{"href":"https:\/\/amical-mauthausen.org\/ca\/wp-json\/wp\/v2\/types\/page"}],"author":[{"embeddable":true,"href":"https:\/\/amical-mauthausen.org\/ca\/wp-json\/wp\/v2\/users\/1"}],"replies":[{"embeddable":true,"href":"https:\/\/amical-mauthausen.org\/ca\/wp-json\/wp\/v2\/comments?post=8437"}],"version-history":[{"count":30,"href":"https:\/\/amical-mauthausen.org\/ca\/wp-json\/wp\/v2\/pages\/8437\/revisions"}],"predecessor-version":[{"id":11956,"href":"https:\/\/amical-mauthausen.org\/ca\/wp-json\/wp\/v2\/pages\/8437\/revisions\/11956"}],"up":[{"embeddable":true,"href":"https:\/\/amical-mauthausen.org\/ca\/wp-json\/wp\/v2\/pages\/3255"}],"wp:attachment":[{"href":"https:\/\/amical-mauthausen.org\/ca\/wp-json\/wp\/v2\/media?parent=8437"}],"curies":[{"name":"wp","href":"https:\/\/api.w.org\/{rel}","templated":true}]}}