{"id":6580,"date":"2019-09-27T08:58:46","date_gmt":"2019-09-27T08:58:46","guid":{"rendered":"http:\/\/amical-mauthausen.org\/ca\/serveis\/exposicions\/deportacion-silencio-y-soledad-proyecto-deportazioa-isiltasuna-eta-bakardadea\/"},"modified":"2019-09-27T09:18:53","modified_gmt":"2019-09-27T09:18:53","slug":"deportacio-silenci-i-solitud-proyecto-deportazioa-isiltasuna-eta-bakardadea","status":"publish","type":"page","link":"https:\/\/amical-mauthausen.org\/ca\/serveis\/exposicions\/deportacio-silenci-i-solitud-proyecto-deportazioa-isiltasuna-eta-bakardadea\/","title":{"rendered":"Deportaci\u00f3, silenci i solitud \/ Proyecto deportazioa, isiltasuna eta bakardadea"},"content":{"rendered":"<h2>Caracter\u00edstiques t\u00e8cniques:<\/h2>\n<ul>\n<li>Caracter\u00edstiques:<\/li>\n<li><span style=\"font-size: inherit;\">15 Roll Up (200 x 100)<\/span><\/li>\n<li><span style=\"font-size: inherit;\">Fotografies en blanc i negre<\/span><\/li>\n<\/ul>\n<p><span style=\"font-size: inherit;\">Contacte: Juanfran Murillo, delegat de l&#8217;Amic a Euskadi, <\/span><a href=\"mailto:argitze99@hotmail.com\" target=\"_blank\" rel=\"noopener noreferrer\">argitze99@hotmail.com<\/a><\/p>\n","protected":false},"excerpt":{"rendered":"<p>Caracter\u00edstiques t\u00e8cniques: Caracter\u00edstiques: 15 Roll Up (200 x 100) Fotografies en blanc i negre Contacte: Juanfran Murillo, delegat de l&#8217;Amic a Euskadi, argitze99@hotmail.com<\/p>\n","protected":false},"author":1,"featured_media":0,"parent":3006,"menu_order":0,"comment_status":"closed","ping_status":"closed","template":"page-exposicionsdins.php","meta":{"_acf_changed":false,"footnotes":""},"class_list":["post-6580","page","type-page","status-publish","hentry"],"acf":[],"_links":{"self":[{"href":"https:\/\/amical-mauthausen.org\/ca\/wp-json\/wp\/v2\/pages\/6580","targetHints":{"allow":["GET"]}}],"collection":[{"href":"https:\/\/amical-mauthausen.org\/ca\/wp-json\/wp\/v2\/pages"}],"about":[{"href":"https:\/\/amical-mauthausen.org\/ca\/wp-json\/wp\/v2\/types\/page"}],"author":[{"embeddable":true,"href":"https:\/\/amical-mauthausen.org\/ca\/wp-json\/wp\/v2\/users\/1"}],"replies":[{"embeddable":true,"href":"https:\/\/amical-mauthausen.org\/ca\/wp-json\/wp\/v2\/comments?post=6580"}],"version-history":[{"count":1,"href":"https:\/\/amical-mauthausen.org\/ca\/wp-json\/wp\/v2\/pages\/6580\/revisions"}],"predecessor-version":[{"id":6582,"href":"https:\/\/amical-mauthausen.org\/ca\/wp-json\/wp\/v2\/pages\/6580\/revisions\/6582"}],"up":[{"embeddable":true,"href":"https:\/\/amical-mauthausen.org\/ca\/wp-json\/wp\/v2\/pages\/3006"}],"wp:attachment":[{"href":"https:\/\/amical-mauthausen.org\/ca\/wp-json\/wp\/v2\/media?parent=6580"}],"curies":[{"name":"wp","href":"https:\/\/api.w.org\/{rel}","templated":true}]}}