{"id":4721,"date":"2018-03-09T09:06:41","date_gmt":"2018-03-09T09:06:41","guid":{"rendered":"http:\/\/amical-mauthausen.org\/ca\/recursos\/publicaciones\/"},"modified":"2023-10-30T16:03:51","modified_gmt":"2023-10-30T16:03:51","slug":"publicaciones","status":"publish","type":"page","link":"https:\/\/amical-mauthausen.org\/ca\/recursos\/publicaciones\/","title":{"rendered":"Publicacions"},"content":{"rendered":"<p>L\u2019Amical de Mauthausen i altres camps publica diferents materials especialitzats sobre deportaci\u00f3 republicana. En aquest espai, hi trobareu un llistat amb les publicacions m\u00e9s destacades i els <a href=\"https:\/\/www.publico.es\/search\/?query=rosa+toran\"><strong>articles m\u00e9s recents.<\/strong><\/a><\/p>\n<ul>\n<li><strong><a href=\"https:\/\/blogs.publico.es\/otrasmiradas\/59961\/mauthausen-2022-cronica-de-un-viaje\/#analytics-buscador:listado\">Mauthausen 2022: cr\u00f3nica de un viaje<\/a><\/strong><\/li>\n<li><strong><a href=\"https:\/\/blogs.publico.es\/dominiopublico\/45231\/por-tercer-ano-dia-de-homenaje-a-las-victimas-del-nazismo-de-espana\">Por tercer a\u00f1o: d\u00eda de homenaje a las v\u00edctimas del nazismo de Espa\u00f1a<\/a><\/strong><\/li>\n<li><strong><a href=\"https:\/\/blogs.publico.es\/otrasmiradas\/56111\/memoria-dignidad-y-justicia\">Memoria, dignidad y justicia<\/a><\/strong><\/li>\n<li><strong><a href=\"https:\/\/blogs.publico.es\/otrasmiradas\/54798\/dignificar-las-calles\">Dignificar las calles<\/a><\/strong><\/li>\n<\/ul>\n","protected":false},"excerpt":{"rendered":"<p>L\u2019Amical de Mauthausen i altres camps publica diferents materials especialitzats sobre deportaci\u00f3 republicana. En aquest espai, hi trobareu un llistat amb les publicacions m\u00e9s destacades i els articles m\u00e9s recents. Mauthausen 2022: cr\u00f3nica de un viaje Por tercer a\u00f1o: d\u00eda de homenaje a las v\u00edctimas del nazismo de Espa\u00f1a Memoria, dignidad y justicia Dignificar las calles<\/p>\n","protected":false},"author":1,"featured_media":0,"parent":3015,"menu_order":0,"comment_status":"closed","ping_status":"closed","template":"","meta":{"_acf_changed":false,"footnotes":""},"class_list":["post-4721","page","type-page","status-publish","hentry"],"acf":[],"_links":{"self":[{"href":"https:\/\/amical-mauthausen.org\/ca\/wp-json\/wp\/v2\/pages\/4721","targetHints":{"allow":["GET"]}}],"collection":[{"href":"https:\/\/amical-mauthausen.org\/ca\/wp-json\/wp\/v2\/pages"}],"about":[{"href":"https:\/\/amical-mauthausen.org\/ca\/wp-json\/wp\/v2\/types\/page"}],"author":[{"embeddable":true,"href":"https:\/\/amical-mauthausen.org\/ca\/wp-json\/wp\/v2\/users\/1"}],"replies":[{"embeddable":true,"href":"https:\/\/amical-mauthausen.org\/ca\/wp-json\/wp\/v2\/comments?post=4721"}],"version-history":[{"count":18,"href":"https:\/\/amical-mauthausen.org\/ca\/wp-json\/wp\/v2\/pages\/4721\/revisions"}],"predecessor-version":[{"id":10625,"href":"https:\/\/amical-mauthausen.org\/ca\/wp-json\/wp\/v2\/pages\/4721\/revisions\/10625"}],"up":[{"embeddable":true,"href":"https:\/\/amical-mauthausen.org\/ca\/wp-json\/wp\/v2\/pages\/3015"}],"wp:attachment":[{"href":"https:\/\/amical-mauthausen.org\/ca\/wp-json\/wp\/v2\/media?parent=4721"}],"curies":[{"name":"wp","href":"https:\/\/api.w.org\/{rel}","templated":true}]}}