{"id":3233,"date":"2017-03-03T10:12:49","date_gmt":"2017-03-03T10:12:49","guid":{"rendered":"http:\/\/amicalweb.propla.net\/?page_id=3233"},"modified":"2022-08-25T10:07:04","modified_gmt":"2022-08-25T10:07:04","slug":"joaquim-amat-piniella","status":"publish","type":"page","link":"https:\/\/amical-mauthausen.org\/ca\/serveis\/xerrades-i-conferencies\/joaquim-amat-piniella\/","title":{"rendered":"JOAQUIM AMAT-PINIELLA"},"content":{"rendered":"<p>A partir de la figura de l\u2019escriptor catal\u00e0 de K-L Reich, centrada en la seva deportaci\u00f3 a Mauthausen, es pot valorar l&#8217;aportaci\u00f3 republicana a la producci\u00f3 memoral\u00edstica europea.<\/p>\n","protected":false},"excerpt":{"rendered":"<p>A partir de la figura de l\u2019escriptor catal\u00e0 de K-L Reich, centrada en la seva deportaci\u00f3 a Mauthausen, es pot valorar l&#8217;aportaci\u00f3 republicana a la producci\u00f3 memoral\u00edstica europea.<\/p>\n","protected":false},"author":1,"featured_media":0,"parent":2929,"menu_order":0,"comment_status":"closed","ping_status":"closed","template":"page-exposicionsdins.php","meta":{"_acf_changed":false,"footnotes":""},"class_list":["post-3233","page","type-page","status-publish","hentry"],"acf":[],"_links":{"self":[{"href":"https:\/\/amical-mauthausen.org\/ca\/wp-json\/wp\/v2\/pages\/3233","targetHints":{"allow":["GET"]}}],"collection":[{"href":"https:\/\/amical-mauthausen.org\/ca\/wp-json\/wp\/v2\/pages"}],"about":[{"href":"https:\/\/amical-mauthausen.org\/ca\/wp-json\/wp\/v2\/types\/page"}],"author":[{"embeddable":true,"href":"https:\/\/amical-mauthausen.org\/ca\/wp-json\/wp\/v2\/users\/1"}],"replies":[{"embeddable":true,"href":"https:\/\/amical-mauthausen.org\/ca\/wp-json\/wp\/v2\/comments?post=3233"}],"version-history":[{"count":6,"href":"https:\/\/amical-mauthausen.org\/ca\/wp-json\/wp\/v2\/pages\/3233\/revisions"}],"predecessor-version":[{"id":9823,"href":"https:\/\/amical-mauthausen.org\/ca\/wp-json\/wp\/v2\/pages\/3233\/revisions\/9823"}],"up":[{"embeddable":true,"href":"https:\/\/amical-mauthausen.org\/ca\/wp-json\/wp\/v2\/pages\/2929"}],"wp:attachment":[{"href":"https:\/\/amical-mauthausen.org\/ca\/wp-json\/wp\/v2\/media?parent=3233"}],"curies":[{"name":"wp","href":"https:\/\/api.w.org\/{rel}","templated":true}]}}