{"id":3164,"date":"2017-03-02T09:10:28","date_gmt":"2017-03-02T09:10:28","guid":{"rendered":"http:\/\/amicalweb.propla.net\/?page_id=3164"},"modified":"2024-01-25T11:37:09","modified_gmt":"2024-01-25T11:37:09","slug":"mauthausen-lunivers-de-lhorror-2","status":"publish","type":"page","link":"https:\/\/amical-mauthausen.org\/ca\/serveis\/exposicions\/mauthausen-lunivers-de-lhorror-2\/","title":{"rendered":"RESISTENTS I DEPORTADES"},"content":{"rendered":"<p>Aquesta exposici\u00f3 tracta sobre la hist\u00f2ria de la resist\u00e8ncia i la deportaci\u00f3 femenina, a partir de la traject\u00f2ria de dones de diferents nacionalitats d\u2019Europa, amb especial \u00e8mfasi en els dones republicanes espanyoles i en la hist\u00f2ria i evoluci\u00f3 del camp de Ravensbr\u00fcck. El contingut de la mostra combina informaci\u00f3 hist\u00f2rica amb textos i dibuixos extrets d\u2019obres de les pr\u00f2pies deportades.<\/p>\n<h2>Caracter\u00edstiques t\u00e8cniques:<\/h2>\n<ul>\n<li>27 banderoles desplegables de 200 x 100 cm.<\/li>\n<li>Es transporten enrotllades en fundes de tela.<\/li>\n<li>Pesa uns 135 quilos aproximadament.<\/li>\n<li>Idiomes: catal\u00e0, castell\u00e0, franc\u00e8s o alemany.<\/li>\n<\/ul>\n<p>Producci\u00f3: Amical de Mauthausen amb el suport de la Uni\u00f3 Europea, la Generalitat de Catalunya i la Diputaci\u00f3 de Barcelona<\/p>\n","protected":false},"excerpt":{"rendered":"<p>Aquesta exposici\u00f3 tracta sobre la hist\u00f2ria de la resist\u00e8ncia i la deportaci\u00f3 femenina, a partir de la traject\u00f2ria de dones de diferents nacionalitats d\u2019Europa, amb especial \u00e8mfasi en els dones republicanes espanyoles i en la hist\u00f2ria i evoluci\u00f3 del camp de Ravensbr\u00fcck. El contingut de la mostra combina informaci\u00f3 hist\u00f2rica amb textos i dibuixos extrets d\u2019obres de les pr\u00f2pies deportades. Caracter\u00edstiques t\u00e8cniques: 27 banderoles desplegables de 200 x 100 cm. Es transporten enrotllades en fundes de tela. Pesa uns 135 quilos aproximadament. Idiomes: catal\u00e0, castell\u00e0, franc\u00e8s o alemany. Producci\u00f3: Amical de Mauthausen amb el suport de la Uni\u00f3 Europea, la Generalitat de Catalunya i la Diputaci\u00f3 de Barcelona<\/p>\n","protected":false},"author":1,"featured_media":0,"parent":3006,"menu_order":0,"comment_status":"closed","ping_status":"closed","template":"page-exposicionsdins.php","meta":{"_acf_changed":false,"footnotes":""},"class_list":["post-3164","page","type-page","status-publish","hentry"],"acf":[],"_links":{"self":[{"href":"https:\/\/amical-mauthausen.org\/ca\/wp-json\/wp\/v2\/pages\/3164","targetHints":{"allow":["GET"]}}],"collection":[{"href":"https:\/\/amical-mauthausen.org\/ca\/wp-json\/wp\/v2\/pages"}],"about":[{"href":"https:\/\/amical-mauthausen.org\/ca\/wp-json\/wp\/v2\/types\/page"}],"author":[{"embeddable":true,"href":"https:\/\/amical-mauthausen.org\/ca\/wp-json\/wp\/v2\/users\/1"}],"replies":[{"embeddable":true,"href":"https:\/\/amical-mauthausen.org\/ca\/wp-json\/wp\/v2\/comments?post=3164"}],"version-history":[{"count":5,"href":"https:\/\/amical-mauthausen.org\/ca\/wp-json\/wp\/v2\/pages\/3164\/revisions"}],"predecessor-version":[{"id":10683,"href":"https:\/\/amical-mauthausen.org\/ca\/wp-json\/wp\/v2\/pages\/3164\/revisions\/10683"}],"up":[{"embeddable":true,"href":"https:\/\/amical-mauthausen.org\/ca\/wp-json\/wp\/v2\/pages\/3006"}],"wp:attachment":[{"href":"https:\/\/amical-mauthausen.org\/ca\/wp-json\/wp\/v2\/media?parent=3164"}],"curies":[{"name":"wp","href":"https:\/\/api.w.org\/{rel}","templated":true}]}}