{"id":3096,"date":"2017-03-01T11:02:38","date_gmt":"2017-03-01T11:02:38","guid":{"rendered":"http:\/\/amicalweb.propla.net\/?page_id=3096"},"modified":"2017-03-01T11:10:19","modified_gmt":"2017-03-01T11:10:19","slug":"avis-legal","status":"publish","type":"page","link":"https:\/\/amical-mauthausen.org\/ca\/avis-legal\/","title":{"rendered":"Av\u00eds Legal"},"content":{"rendered":"<h2>1. IDENTIFICACI\u00d3<\/h2>\n<p>El titular i responsable del lloc web www.amical-mauthausen.org \u00e9s l\u2019Amical de Mauthausen i altres camps i de totes les v\u00edctimes del nazisme d\u2019Espanya, amb domicili al Carrer Sils, 1, baixos, 08002 de Barcelona i NIF n\u00famero G-59146555 (d\u2019ara en endavant, l\u2019ASSOCIACI\u00d3).<\/p>\n<h2>2. DESCRIPCI\u00d3 DE L\u2019ACTIVITAT I SERVEIS PRESTATS<\/h2>\n<p>La consulta de les seccions de la p\u00e0gina web t\u00e9 car\u00e0cter gratu\u00eft.<br \/>\nUs informem que l\u2019ASSOCIACI\u00d3 rebutja tota responsabilitat derivada del mal \u00fas dels continguts i d\u2019aquesta p\u00e0gina web, i ens reservem el dret d\u2019actualitzar-los, restringir-los o eliminar-los de manera transit\u00f2ria o definitiva quan ho considerem oport\u00fa.<br \/>\nAix\u00ed mateix, l\u2019ASSOCIACI\u00d3 declina tota responsabilitat per qualsevol interrupci\u00f3 de la p\u00e0gina web que es pogu\u00e9s produir per actualitzar-la o millorar-la o per raons alienes.<\/p>\n<h2>3. DRETS I OBLIGACIONS DE L\u2019USUARI<\/h2>\n<p>L\u2019usuari es compromet a utilitzar els continguts d\u2019aquesta web, aix\u00ed com els serveis que s\u2019hi ofereixen, d\u2019acord amb la llei, la moral i l\u2019ordre p\u00fablic. De la mateixa manera, l\u2019usuari es compromet a introduir a la p\u00e0gina web nom\u00e9s informaci\u00f3 i continguts vera\u00e7os, a mes de ser-ne l\u2019\u00fanic responsable.<br \/>\nL\u2019usuari no tindr\u00e0 cap dret a reclamar indemnitzacions (directes o indirectes) per interrupcions temporals o suspensi\u00f3 definitiva dels productes i serveis a trav\u00e9s de la p\u00e0gina web, ja s\u2019hagin produ\u00eft per causes pr\u00f2pies o alienes.<\/p>\n<h2>4. PROPIETAT INTEL\u00b7LECTUAL I INDUSTRIAL<\/h2>\n<p>Els drets de propietat intel\u00b7lectual existents sobre aquesta p\u00e0gina web i\/o els continguts i dissenys que inclou, aix\u00ed com les marques, noms comercials i dissenys industrials que contenen, s\u00f3n de titularitat exclusiva de l\u2019ASSOCIACI\u00d3 i estan protegits per la llei.<br \/>\nQueda prohibida la reproducci\u00f3, distribuci\u00f3, comunicaci\u00f3 p\u00fablica, transformaci\u00f3 i\/o el posar a disposici\u00f3 del p\u00fablic tota o part de la p\u00e0gina web i\/o els continguts, dissenys, marques, noms comercials i dissenys industrials, sense la pr\u00e8via autoritzaci\u00f3 expl\u00edcita del titular leg\u00edtim.<\/p>\n<h2>5. TRACTAMENT DE LES DADES PERSONALS<\/h2>\n<p>Us garantim que el tractament de les dades personals dels usuaris que es registrin o que contactin amb nosaltres a trav\u00e9s de la p\u00e0gina web es realitzar\u00e0 segons la Llei Org\u00e0nica 15\/1999 de 13 de desembre sobre la Protecci\u00f3 de Dades de Car\u00e0cter Personal, la Llei 34\/2002 d\u201911 de juliol de Serveis de la Societat de la Informaci\u00f3 i de Comer\u00e7 Electr\u00f2nic i la \u201cPol\u00edtica de Privacitat\u201d.<\/p>\n<h2>6. LIMITACI\u00d3 DE LA RESPONSABILITAT<\/h2>\n<p>No ens podem responsabilitzar del mal \u00fas que es faci de les aplicacions o continguts de la p\u00e0gina web, del qual nom\u00e9s es responsabilitza l\u2019usuari que n\u2019hagi fet aquest mal \u00fas.<br \/>\nDe la mateixa manera, no assumim cap responsabilitat per la informaci\u00f3 que continguin p\u00e0gines web de tercers a les quals es pugui accedir a trav\u00e9s d\u2019enlla\u00e7os (links) des de la nostra p\u00e0gina, o per la formaci\u00f3 que continguin p\u00e0gines web de tercers vinculades d\u2019alguna manera a aquesta p\u00e0gina web.<br \/>\nSi ho requereix una ordre judicial o les autoritats pertinents, col\u00b7laborarem en la identificaci\u00f3 de les persones responsables dels usos que violen la llei.<\/p>\n<h2>7. ENLLA\u00c7OS (LINKS)<\/h2>\n<p>Queda prohibit incloure continguts o prestar serveis en p\u00e0gines web de tercers que poguessin suposar un perjudici per a la imatge de la nostra web, i ens reservem el dret de prohibir, limitar o exigir la cancel\u00b7laci\u00f3 dels enlla\u00e7os (links) realitzats a les seves p\u00e0gines web quan ho creguem convenient mitjan\u00e7ant una senzilla comunicaci\u00f3 al titular de la p\u00e0gina web, sense que, per cap concepte, estem obligats a abonar cap tipus de compensaci\u00f3 per aquest motiu.<\/p>\n<h2>8. LEGISLACI\u00d3 i JURISDICCI\u00d3 APLICABLE<\/h2>\n<p>Per a qualsevol q\u00fcesti\u00f3 o diverg\u00e8ncia que pogu\u00e9s sorgir sobre els continguts, activitats, productes i serveis de la nostra web entre el titular i els usuaris i\/o tercers, amb ren\u00fancia expressa a qualsevol altres aforament que els pogu\u00e9s correspondre, se sotmeten expressament a l\u2019aplicaci\u00f3 de la legislaci\u00f3 espanyola i la compet\u00e8ncia dels Tribunals espanyols, amb submissi\u00f3 expressa a la jurisdicci\u00f3 dels Tribunals de Barcelona, excepte si la legislaci\u00f3 aplicable determina de manera imperativa un altre aforament o legislaci\u00f3.<\/p>\n<h2><strong>POL\u00cdTICA DE PRIVACITAT I CONFIDENCIALITAT<\/strong><\/h2>\n<p>En compliment del que estableix la Llei Org\u00e0nica 15\/1999, de 13 de desembre, de Protecci\u00f3 de Dades de Car\u00e0cter Personal, us informem que, quan ens contacteu a trav\u00e9s de la web, les vostres dades personals s\u2019incorporaran al Fitxer de dades personals de l\u2019AMICAL DE MAUTHAUSEN. Aquestes dades es recolliran i tractaran amb l\u2019\u00fanica finalitat de gestionar els serveis demanats i s\u2019enviar\u00e0 nom\u00e9s a les administracions per a \u00fas exclusiu d\u2019informar sobre les activitats conjuntes que duem a terme.<\/p>\n<p>AMICAL DE MAUTHAUSEN \u00e9s el titular del Fitxer, inscrit al Registre de Fitxers de l\u2019Ag\u00e8ncia Espanyola de Protecci\u00f3 de Dades.<br \/>\nPodeu exercir el dret d\u2019acc\u00e9s, rectificaci\u00f3, cancel\u00b7laci\u00f3 i oposici\u00f3 si ens ho comuniqueu per escrit a la nostra adre\u00e7a de correu info@amical-mauthausen.org o b\u00e9 si ens escriviu a l\u2019adre\u00e7a seg\u00fcent: Carrer Sils, 1 baixos, 10 de Barcelona, 08002.<br \/>\nUs garantim la confidencialitat de les dades personal, per la qual cosa nosaltres, com a titulars i responsables del fitxer automatitzat, assegurem que disposem dels mitjans t\u00e8cnics i humans necessaris per garantir la seguretat i protecci\u00f3 dels nostres sistemes d\u2019informaci\u00f3, aix\u00ed com de les dades i informaci\u00f3 dels usuaris que ens les faciliten.<\/p>\n<p>En contactar a trav\u00e9s de la nostra p\u00e0gina web, doneu el consentiment inequ\u00edvoc i expr\u00e9s per qu\u00e8 puguem tractar les vostres dades personals segons les finalitats i serveis descrits.<br \/>\nAix\u00ed mateix, els usuaris que ens faciliten les dades personals accepten que les pugui utilitzar AMICAL DE MAUTHAUSEN per ser utilitzats amb finalitats informatives dels nostres serveis, aix\u00ed com per facilitar el mateix als destinataris que calgui per prestar els serveis sol\u00b7licitats i enviar la informaci\u00f3 promocional desitjada.<\/p>\n","protected":false},"excerpt":{"rendered":"<p>1. IDENTIFICACI\u00d3 El titular i responsable del lloc web www.amical-mauthausen.org \u00e9s l\u2019Amical de Mauthausen i altres camps i de totes les v\u00edctimes del nazisme d\u2019Espanya, amb domicili al Carrer Sils, 1, baixos, 08002 de Barcelona i NIF n\u00famero G-59146555 (d\u2019ara en endavant, l\u2019ASSOCIACI\u00d3). 2. DESCRIPCI\u00d3 DE L\u2019ACTIVITAT I SERVEIS PRESTATS La consulta de les seccions de la p\u00e0gina web t\u00e9 car\u00e0cter gratu\u00eft. Us informem que l\u2019ASSOCIACI\u00d3 rebutja tota responsabilitat derivada del mal \u00fas dels continguts i d\u2019aquesta p\u00e0gina web, i ens reservem el dret d\u2019actualitzar-los, restringir-los o eliminar-los de manera transit\u00f2ria o definitiva quan ho considerem oport\u00fa. Aix\u00ed mateix, l\u2019ASSOCIACI\u00d3 declina tota responsabilitat per qualsevol interrupci\u00f3 de la p\u00e0gina web &hellip; <a href=\"https:\/\/amical-mauthausen.org\/ca\/avis-legal\/\" class=\"more-link\">Continua la lectura de <span class=\"screen-reader-text\">Av\u00eds Legal<\/span> <span class=\"meta-nav\">&rarr;<\/span><\/a><\/p>\n","protected":false},"author":1,"featured_media":0,"parent":0,"menu_order":0,"comment_status":"closed","ping_status":"closed","template":"page-info.php","meta":{"_acf_changed":false,"footnotes":""},"class_list":["post-3096","page","type-page","status-publish","hentry"],"acf":[],"_links":{"self":[{"href":"https:\/\/amical-mauthausen.org\/ca\/wp-json\/wp\/v2\/pages\/3096","targetHints":{"allow":["GET"]}}],"collection":[{"href":"https:\/\/amical-mauthausen.org\/ca\/wp-json\/wp\/v2\/pages"}],"about":[{"href":"https:\/\/amical-mauthausen.org\/ca\/wp-json\/wp\/v2\/types\/page"}],"author":[{"embeddable":true,"href":"https:\/\/amical-mauthausen.org\/ca\/wp-json\/wp\/v2\/users\/1"}],"replies":[{"embeddable":true,"href":"https:\/\/amical-mauthausen.org\/ca\/wp-json\/wp\/v2\/comments?post=3096"}],"version-history":[{"count":6,"href":"https:\/\/amical-mauthausen.org\/ca\/wp-json\/wp\/v2\/pages\/3096\/revisions"}],"predecessor-version":[{"id":3104,"href":"https:\/\/amical-mauthausen.org\/ca\/wp-json\/wp\/v2\/pages\/3096\/revisions\/3104"}],"wp:attachment":[{"href":"https:\/\/amical-mauthausen.org\/ca\/wp-json\/wp\/v2\/media?parent=3096"}],"curies":[{"name":"wp","href":"https:\/\/api.w.org\/{rel}","templated":true}]}}