{"id":3017,"date":"2017-02-24T13:01:51","date_gmt":"2017-02-24T13:01:51","guid":{"rendered":"http:\/\/amicalweb.propla.net\/?page_id=3017"},"modified":"2022-06-29T08:33:49","modified_gmt":"2022-06-29T08:33:49","slug":"biblioteca","status":"publish","type":"page","link":"https:\/\/amical-mauthausen.org\/ca\/recursos\/biblioteca\/","title":{"rendered":"Biblioteca"},"content":{"rendered":"<p>L\u2019Amical disposa d\u2019una biblioteca especialitzada sobre deportaci\u00f3 i nazisme i d&#8217;una hemeroteca -premsa i revistes-, des de 1970 fins a l\u2019actualitat. Aquesta biblioteca es nodreix amb les donacions d&#8217;autors, particulars, editorials i compres de l&#8217;associaci\u00f3.<\/p>\n<p>Tots els socis poden gaudir del servei de pr\u00e9stec. Els no socis poden fer-ne \u00fas al local de l&#8217;associaci\u00f3 amb cita pr\u00e8via.<\/p>\n<p>Podeu consultar l&#8217;\u00edndex tem\u00e0tic de la biblioteca <a href=\"https:\/\/amical-mauthausen.org\/wp-content\/uploads\/2022\/06\/index-tematic-biblioteca-web.pdf\">aqu\u00ed<\/a>.<\/p>\n<p>&nbsp;<\/p>\n<p>&nbsp;<\/p>\n","protected":false},"excerpt":{"rendered":"<p>L\u2019Amical disposa d\u2019una biblioteca especialitzada sobre deportaci\u00f3 i nazisme i d&#8217;una hemeroteca -premsa i revistes-, des de 1970 fins a l\u2019actualitat. Aquesta biblioteca es nodreix amb les donacions d&#8217;autors, particulars, editorials i compres de l&#8217;associaci\u00f3. Tots els socis poden gaudir del servei de pr\u00e9stec. Els no socis poden fer-ne \u00fas al local de l&#8217;associaci\u00f3 amb cita pr\u00e8via. Podeu consultar l&#8217;\u00edndex tem\u00e0tic de la biblioteca aqu\u00ed. &nbsp; &nbsp;<\/p>\n","protected":false},"author":1,"featured_media":0,"parent":3015,"menu_order":0,"comment_status":"closed","ping_status":"closed","template":"","meta":{"_acf_changed":false,"footnotes":""},"class_list":["post-3017","page","type-page","status-publish","hentry"],"acf":[],"_links":{"self":[{"href":"https:\/\/amical-mauthausen.org\/ca\/wp-json\/wp\/v2\/pages\/3017","targetHints":{"allow":["GET"]}}],"collection":[{"href":"https:\/\/amical-mauthausen.org\/ca\/wp-json\/wp\/v2\/pages"}],"about":[{"href":"https:\/\/amical-mauthausen.org\/ca\/wp-json\/wp\/v2\/types\/page"}],"author":[{"embeddable":true,"href":"https:\/\/amical-mauthausen.org\/ca\/wp-json\/wp\/v2\/users\/1"}],"replies":[{"embeddable":true,"href":"https:\/\/amical-mauthausen.org\/ca\/wp-json\/wp\/v2\/comments?post=3017"}],"version-history":[{"count":13,"href":"https:\/\/amical-mauthausen.org\/ca\/wp-json\/wp\/v2\/pages\/3017\/revisions"}],"predecessor-version":[{"id":9755,"href":"https:\/\/amical-mauthausen.org\/ca\/wp-json\/wp\/v2\/pages\/3017\/revisions\/9755"}],"up":[{"embeddable":true,"href":"https:\/\/amical-mauthausen.org\/ca\/wp-json\/wp\/v2\/pages\/3015"}],"wp:attachment":[{"href":"https:\/\/amical-mauthausen.org\/ca\/wp-json\/wp\/v2\/media?parent=3017"}],"curies":[{"name":"wp","href":"https:\/\/api.w.org\/{rel}","templated":true}]}}