{"id":2929,"date":"2017-02-22T11:51:12","date_gmt":"2017-02-22T11:51:12","guid":{"rendered":"http:\/\/amicalweb.propla.net\/?page_id=2929"},"modified":"2017-04-05T09:36:39","modified_gmt":"2017-04-05T09:36:39","slug":"xerrades-i-conferencies","status":"publish","type":"page","link":"https:\/\/amical-mauthausen.org\/ca\/serveis\/xerrades-i-conferencies\/","title":{"rendered":"Xerrades i confer\u00e8ncies"},"content":{"rendered":"<p>De clara vocaci\u00f3 pedag\u00f2gica, l&#8217;Amical desenvolupa una intensa activitat educativa i cultural. D\u2019una banda, amb xerrades en centres d\u2019ensenyament secundari i universitari, centres c\u00edvics, ajuntaments, i, de l\u2019altra, amb diverses exposicions pr\u00f2pies en constant itiner\u00e0ncia pel territori de tot l\u2019estat espanyol.<\/p>\n","protected":false},"excerpt":{"rendered":"<p>De clara vocaci\u00f3 pedag\u00f2gica, l&#8217;Amical desenvolupa una intensa activitat educativa i cultural. D\u2019una banda, amb xerrades en centres d\u2019ensenyament secundari i universitari, centres c\u00edvics, ajuntaments, i, de l\u2019altra, amb diverses exposicions pr\u00f2pies en constant itiner\u00e0ncia pel territori de tot l\u2019estat espanyol.<\/p>\n","protected":false},"author":1,"featured_media":0,"parent":2908,"menu_order":0,"comment_status":"closed","ping_status":"closed","template":"page-exposicions.php","meta":{"_acf_changed":false,"footnotes":""},"class_list":["post-2929","page","type-page","status-publish","hentry"],"acf":[],"_links":{"self":[{"href":"https:\/\/amical-mauthausen.org\/ca\/wp-json\/wp\/v2\/pages\/2929","targetHints":{"allow":["GET"]}}],"collection":[{"href":"https:\/\/amical-mauthausen.org\/ca\/wp-json\/wp\/v2\/pages"}],"about":[{"href":"https:\/\/amical-mauthausen.org\/ca\/wp-json\/wp\/v2\/types\/page"}],"author":[{"embeddable":true,"href":"https:\/\/amical-mauthausen.org\/ca\/wp-json\/wp\/v2\/users\/1"}],"replies":[{"embeddable":true,"href":"https:\/\/amical-mauthausen.org\/ca\/wp-json\/wp\/v2\/comments?post=2929"}],"version-history":[{"count":7,"href":"https:\/\/amical-mauthausen.org\/ca\/wp-json\/wp\/v2\/pages\/2929\/revisions"}],"predecessor-version":[{"id":3399,"href":"https:\/\/amical-mauthausen.org\/ca\/wp-json\/wp\/v2\/pages\/2929\/revisions\/3399"}],"up":[{"embeddable":true,"href":"https:\/\/amical-mauthausen.org\/ca\/wp-json\/wp\/v2\/pages\/2908"}],"wp:attachment":[{"href":"https:\/\/amical-mauthausen.org\/ca\/wp-json\/wp\/v2\/media?parent=2929"}],"curies":[{"name":"wp","href":"https:\/\/api.w.org\/{rel}","templated":true}]}}